{"id":3166,"date":"2024-10-13T21:02:33","date_gmt":"2024-10-13T21:02:33","guid":{"rendered":"http:\/\/localhost\/sc-ci\/?page_id=3166"},"modified":"2025-02-21T11:43:32","modified_gmt":"2025-02-21T11:43:32","slug":"responsabilite-societale-dentreprise-rse","status":"publish","type":"page","link":"https:\/\/sc-ci.com\/en\/responsabilite-societale-dentreprise-rse\/","title":{"rendered":"(Fran\u00e7ais) Responsabilit\u00e9 Soci\u00e9tale d\u2019Entreprise (RSE)"},"content":{"rendered":"\t\t<div data-elementor-type=\"wp-page\" data-elementor-id=\"3166\" class=\"elementor elementor-3166\" data-elementor-settings=\"{&quot;ha_cmc_init_switcher&quot;:&quot;no&quot;}\" data-elementor-post-type=\"page\">\n\t\t\t\t<div class=\"elementor-element elementor-element-c6ec22c e-flex e-con-boxed e-con e-parent\" data-id=\"c6ec22c\" data-element_type=\"container\" data-settings=\"{&quot;background_background&quot;:&quot;classic&quot;,&quot;_ha_eqh_enable&quot;:false}\">\n\t\t\t\t\t<div class=\"e-con-inner\">\n\t\t\t\t<div class=\"elementor-element elementor-element-5fe7576 elementor-widget elementor-widget-heading\" data-id=\"5fe7576\" data-element_type=\"widget\" data-widget_type=\"heading.default\">\n\t\t\t\t<div class=\"elementor-widget-container\">\n\t\t\t\t\t<h2 class=\"elementor-heading-title elementor-size-default\">Responsabilit\u00e9 Soci\u00e9tale d\u2019Entreprise (RSE)<\/h2>\t\t\t\t<\/div>\n\t\t\t\t<\/div>\n\t\t\t\t\t<\/div>\n\t\t\t\t<\/div>\n\t\t<div class=\"elementor-element elementor-element-1175fe9 e-flex e-con-boxed e-con e-parent\" data-id=\"1175fe9\" data-element_type=\"container\" data-settings=\"{&quot;_ha_eqh_enable&quot;:false}\">\n\t\t\t\t\t<div class=\"e-con-inner\">\n\t\t<div class=\"elementor-element elementor-element-a15aa6c e-con-full e-flex e-con e-child\" data-id=\"a15aa6c\" data-element_type=\"container\" data-settings=\"{&quot;_ha_eqh_enable&quot;:false}\">\n\t\t\t\t<div class=\"elementor-element elementor-element-b177a0e elementor-widget elementor-widget-heading\" data-id=\"b177a0e\" data-element_type=\"widget\" data-widget_type=\"heading.default\">\n\t\t\t\t<div class=\"elementor-widget-container\">\n\t\t\t\t\t<h2 class=\"elementor-heading-title elementor-size-default\">Qui sommes-nous ?\n<\/h2>\t\t\t\t<\/div>\n\t\t\t\t<\/div>\n\t\t\t\t<div class=\"elementor-element elementor-element-66be13e elementor-widget elementor-widget-text-editor\" data-id=\"66be13e\" data-element_type=\"widget\" data-widget_type=\"text-editor.default\">\n\t\t\t\t<div class=\"elementor-widget-container\">\n\t\t\t\t\t\t\t\t\t<p>\u00c0 Soci\u00e9t\u00e9 de Ciment de C\u00f4te d&#8217;Ivoire, nous croyons en un d\u00e9veloppement responsable et durable. Notre politique de Responsabilit\u00e9 Soci\u00e9tale des Entreprises (RSE) s\u2019articule autour de trois piliers principaux : l\u2019environnement, le bien-\u00eatre des communaut\u00e9s et la gouvernance \u00e9thique.<\/p>\t\t\t\t\t\t\t\t<\/div>\n\t\t\t\t<\/div>\n\t\t\t\t<\/div>\n\t\t<div class=\"elementor-element elementor-element-90dab04 e-con-full e-flex e-con e-child\" data-id=\"90dab04\" data-element_type=\"container\" data-settings=\"{&quot;_ha_eqh_enable&quot;:false}\">\n\t\t\t\t<div class=\"elementor-element elementor-element-3dfe4a7 elementor-widget elementor-widget-image\" data-id=\"3dfe4a7\" data-element_type=\"widget\" data-widget_type=\"image.default\">\n\t\t\t\t<div class=\"elementor-widget-container\">\n\t\t\t\t\t\t\t\t\t\t\t\t\t\t\t<img fetchpriority=\"high\" decoding=\"async\" width=\"996\" height=\"558\" src=\"https:\/\/sc-ci.com\/wp-content\/uploads\/2024\/10\/docteur-tenant-globe-dans-mains-fond-vert-flou_14117-976847.jpg\" class=\"attachment-large size-large wp-image-3178\" alt=\"\" srcset=\"https:\/\/sc-ci.com\/wp-content\/uploads\/2024\/10\/docteur-tenant-globe-dans-mains-fond-vert-flou_14117-976847.jpg 996w, https:\/\/sc-ci.com\/wp-content\/uploads\/2024\/10\/docteur-tenant-globe-dans-mains-fond-vert-flou_14117-976847-700x392.jpg 700w, https:\/\/sc-ci.com\/wp-content\/uploads\/2024\/10\/docteur-tenant-globe-dans-mains-fond-vert-flou_14117-976847-768x430.jpg 768w\" sizes=\"(max-width: 996px) 100vw, 996px\" \/>\t\t\t\t\t\t\t\t\t\t\t\t\t\t\t<\/div>\n\t\t\t\t<\/div>\n\t\t\t\t<\/div>\n\t\t\t\t\t<\/div>\n\t\t\t\t<\/div>\n\t\t<div class=\"elementor-element elementor-element-af47af2 e-flex e-con-boxed e-con e-parent\" data-id=\"af47af2\" data-element_type=\"container\" data-settings=\"{&quot;_ha_eqh_enable&quot;:false}\">\n\t\t\t\t\t<div class=\"e-con-inner\">\n\t\t<div class=\"elementor-element elementor-element-2e23d70 e-con-full e-flex e-con e-child\" data-id=\"2e23d70\" data-element_type=\"container\" data-settings=\"{&quot;_ha_eqh_enable&quot;:false}\">\n\t\t\t\t<div class=\"elementor-element elementor-element-0c90d3c elementor-position-top elementor-widget elementor-widget-image-box\" data-id=\"0c90d3c\" data-element_type=\"widget\" data-widget_type=\"image-box.default\">\n\t\t\t\t<div class=\"elementor-widget-container\">\n\t\t\t\t\t<div class=\"elementor-image-box-wrapper\"><figure class=\"elementor-image-box-img\"><img decoding=\"async\" width=\"826\" height=\"551\" src=\"https:\/\/sc-ci.com\/wp-content\/uploads\/2024\/10\/analyse-intersectionnalite-au-sein-ai-generative-environnementale_1169665-135586.jpg\" class=\"attachment-full size-full wp-image-3175\" alt=\"\" srcset=\"https:\/\/sc-ci.com\/wp-content\/uploads\/2024\/10\/analyse-intersectionnalite-au-sein-ai-generative-environnementale_1169665-135586.jpg 826w, https:\/\/sc-ci.com\/wp-content\/uploads\/2024\/10\/analyse-intersectionnalite-au-sein-ai-generative-environnementale_1169665-135586-700x467.jpg 700w, https:\/\/sc-ci.com\/wp-content\/uploads\/2024\/10\/analyse-intersectionnalite-au-sein-ai-generative-environnementale_1169665-135586-232x155.jpg 232w, https:\/\/sc-ci.com\/wp-content\/uploads\/2024\/10\/analyse-intersectionnalite-au-sein-ai-generative-environnementale_1169665-135586-768x512.jpg 768w\" sizes=\"(max-width: 826px) 100vw, 826px\" \/><\/figure><div class=\"elementor-image-box-content\"><h3 class=\"elementor-image-box-title\">Environnement<\/h3><p class=\"elementor-image-box-description\">Nous mettons en \u0153uvre des pratiques respectueuses de l\u2019environnement \u00e0 chaque \u00e9tape de notre cha\u00eene de production. Nos initiatives incluent la r\u00e9duction de notre empreinte carbone, l\u2019utilisation de mati\u00e8res premi\u00e8res locales, et la gestion durable des ressources naturelles. Nous investissons \u00e9galement dans des technologies innovantes pour minimiser les \u00e9missions et maximiser l'efficacit\u00e9 \u00e9nerg\u00e9tique de nos usines.<\/p><\/div><\/div>\t\t\t\t<\/div>\n\t\t\t\t<\/div>\n\t\t\t\t<\/div>\n\t\t<div class=\"elementor-element elementor-element-207e254 e-con-full e-flex e-con e-child\" data-id=\"207e254\" data-element_type=\"container\" data-settings=\"{&quot;_ha_eqh_enable&quot;:false}\">\n\t\t\t\t<div class=\"elementor-element elementor-element-05779d9 elementor-position-top elementor-widget elementor-widget-image-box\" data-id=\"05779d9\" data-element_type=\"widget\" data-widget_type=\"image-box.default\">\n\t\t\t\t<div class=\"elementor-widget-container\">\n\t\t\t\t\t<div class=\"elementor-image-box-wrapper\"><figure class=\"elementor-image-box-img\"><img decoding=\"async\" width=\"826\" height=\"551\" src=\"https:\/\/sc-ci.com\/wp-content\/uploads\/2024\/10\/Communaute.jpg\" class=\"attachment-full size-full wp-image-3176\" alt=\"\" srcset=\"https:\/\/sc-ci.com\/wp-content\/uploads\/2024\/10\/Communaute.jpg 826w, https:\/\/sc-ci.com\/wp-content\/uploads\/2024\/10\/Communaute-700x467.jpg 700w, https:\/\/sc-ci.com\/wp-content\/uploads\/2024\/10\/Communaute-232x155.jpg 232w, https:\/\/sc-ci.com\/wp-content\/uploads\/2024\/10\/Communaute-768x512.jpg 768w\" sizes=\"(max-width: 826px) 100vw, 826px\" \/><\/figure><div class=\"elementor-image-box-content\"><h3 class=\"elementor-image-box-title\">Communaut\u00e9s<\/h3><p class=\"elementor-image-box-description\">Nous nous engageons \u00e0 am\u00e9liorer la qualit\u00e9 de vie des communaut\u00e9s dans lesquelles nous op\u00e9rons. Cela se traduit par des actions concr\u00e8tes comme la cr\u00e9ation d\u2019emplois locaux, le soutien \u00e0 des projets \u00e9ducatifs, et l\u2019am\u00e9lioration des infrastructures communautaires. Nous croyons qu\u2019en renfor\u00e7ant les communaut\u00e9s, nous renfor\u00e7ons \u00e9galement notre impact positif sur la soci\u00e9t\u00e9.<\/p><\/div><\/div>\t\t\t\t<\/div>\n\t\t\t\t<\/div>\n\t\t\t\t<\/div>\n\t\t<div class=\"elementor-element elementor-element-155a683 e-con-full e-flex e-con e-child\" data-id=\"155a683\" data-element_type=\"container\" data-settings=\"{&quot;_ha_eqh_enable&quot;:false}\">\n\t\t\t\t<div class=\"elementor-element elementor-element-db4cf40 elementor-position-top elementor-widget elementor-widget-image-box\" data-id=\"db4cf40\" data-element_type=\"widget\" data-widget_type=\"image-box.default\">\n\t\t\t\t<div class=\"elementor-widget-container\">\n\t\t\t\t\t<div class=\"elementor-image-box-wrapper\"><figure class=\"elementor-image-box-img\"><img loading=\"lazy\" decoding=\"async\" width=\"826\" height=\"551\" src=\"https:\/\/sc-ci.com\/wp-content\/uploads\/2024\/10\/analyse-intersectionnalite-au-sein-ai-generative-environnementale_1169665-135586-1.jpg\" class=\"attachment-full size-full wp-image-3177\" alt=\"\" srcset=\"https:\/\/sc-ci.com\/wp-content\/uploads\/2024\/10\/analyse-intersectionnalite-au-sein-ai-generative-environnementale_1169665-135586-1.jpg 826w, https:\/\/sc-ci.com\/wp-content\/uploads\/2024\/10\/analyse-intersectionnalite-au-sein-ai-generative-environnementale_1169665-135586-1-700x467.jpg 700w, https:\/\/sc-ci.com\/wp-content\/uploads\/2024\/10\/analyse-intersectionnalite-au-sein-ai-generative-environnementale_1169665-135586-1-232x155.jpg 232w, https:\/\/sc-ci.com\/wp-content\/uploads\/2024\/10\/analyse-intersectionnalite-au-sein-ai-generative-environnementale_1169665-135586-1-768x512.jpg 768w\" sizes=\"(max-width: 826px) 100vw, 826px\" \/><\/figure><div class=\"elementor-image-box-content\"><h3 class=\"elementor-image-box-title\">Gouvernance \u00c9thique<\/h3><p class=\"elementor-image-box-description\">Notre engagement en mati\u00e8re de RSE repose sur une gouvernance transparente et \u00e9thique. Nous respectons les standards internationaux de conformit\u00e9 et de bonne conduite dans tous nos processus, en garantissant une gestion responsable de nos activit\u00e9s. La lutte contre la corruption et le respect des droits de l\u2019homme sont au c\u0153ur de notre strat\u00e9gie de gouvernance.<\/p><\/div><\/div>\t\t\t\t<\/div>\n\t\t\t\t<\/div>\n\t\t\t\t<\/div>\n\t\t\t\t\t<\/div>\n\t\t\t\t<\/div>\n\t\t\t\t<\/div>\n\t\t","protected":false},"excerpt":{"rendered":"<p>Responsabilit\u00e9 Soci\u00e9tale d\u2019Entreprise (RSE) Qui sommes-nous ? \u00c0 Soci\u00e9t\u00e9 de Ciment de C\u00f4te d&#8217;Ivoire, nous croyons en un d\u00e9veloppement responsable et durable. Notre politique de Responsabilit\u00e9 Soci\u00e9tale des Entreprises (RSE) s\u2019articule autour de trois piliers principaux : l\u2019environnement, le bien-\u00eatre des communaut\u00e9s et la gouvernance \u00e9thique. Environnement Nous mettons en \u0153uvre des pratiques respectueuses de [&hellip;]<\/p>\n","protected":false},"author":2,"featured_media":0,"parent":0,"menu_order":0,"comment_status":"closed","ping_status":"closed","template":"elementor_header_footer","meta":{"_acf_changed":false,"_joinchat":[],"footnotes":""},"class_list":["post-3166","page","type-page","status-publish","hentry"],"acf":[],"yoast_head":"<!-- This site is optimized with the Yoast SEO plugin v24.6 - https:\/\/yoast.com\/wordpress\/plugins\/seo\/ -->\n<title><\/title>\n<meta name=\"robots\" content=\"index, follow, max-snippet:-1, max-image-preview:large, max-video-preview:-1\" \/>\n<link rel=\"canonical\" href=\"https:\/\/sc-ci.com\/responsabilite-societale-dentreprise-rse\/\" \/>\n<meta property=\"og:locale\" content=\"en_US\" \/>\n<meta property=\"og:type\" content=\"article\" \/>\n<meta property=\"og:title\" content=\"[:fr]Responsabilit\u00e9 Soci\u00e9tale d\u2019Entreprise (RSE)[:] - Soci\u00e9t\u00e9 de Ciment de C\u00f4te d\u2019Ivoire\" \/>\n<meta property=\"og:description\" content=\"Responsabilit\u00e9 Soci\u00e9tale d\u2019Entreprise (RSE) Qui sommes-nous ? \u00c0 Soci\u00e9t\u00e9 de Ciment de C\u00f4te d&#8217;Ivoire, nous croyons en un d\u00e9veloppement responsable et durable. Notre politique de Responsabilit\u00e9 Soci\u00e9tale des Entreprises (RSE) s\u2019articule autour de trois piliers principaux : l\u2019environnement, le bien-\u00eatre des communaut\u00e9s et la gouvernance \u00e9thique. Environnement Nous mettons en \u0153uvre des pratiques respectueuses de [&hellip;]\" \/>\n<meta property=\"og:url\" content=\"https:\/\/sc-ci.com\/responsabilite-societale-dentreprise-rse\/\" \/>\n<meta property=\"og:site_name\" content=\"Soci\u00e9t\u00e9 de Ciment de C\u00f4te d\u2019Ivoire\" \/>\n<meta property=\"article:modified_time\" content=\"2025-02-21T11:43:32+00:00\" \/>\n<meta property=\"og:image\" content=\"https:\/\/sc-ci.com\/wp-content\/uploads\/2024\/10\/docteur-tenant-globe-dans-mains-fond-vert-flou_14117-976847.jpg\" \/>\n<meta name=\"twitter:card\" content=\"summary_large_image\" \/>\n<meta name=\"twitter:label1\" content=\"Est. reading time\" \/>\n\t<meta name=\"twitter:data1\" content=\"2 minutes\" \/>\n<script type=\"application\/ld+json\" class=\"yoast-schema-graph\">{\"@context\":\"https:\/\/schema.org\",\"@graph\":[{\"@type\":\"WebPage\",\"@id\":\"https:\/\/sc-ci.com\/responsabilite-societale-dentreprise-rse\/\",\"url\":\"https:\/\/sc-ci.com\/responsabilite-societale-dentreprise-rse\/\",\"name\":\"[:fr]Responsabilit\u00e9 Soci\u00e9tale d\u2019Entreprise (RSE)[:] - Soci\u00e9t\u00e9 de Ciment de C\u00f4te d\u2019Ivoire\",\"isPartOf\":{\"@id\":\"https:\/\/sc-ci.com\/#website\"},\"primaryImageOfPage\":{\"@id\":\"https:\/\/sc-ci.com\/responsabilite-societale-dentreprise-rse\/#primaryimage\"},\"image\":{\"@id\":\"https:\/\/sc-ci.com\/responsabilite-societale-dentreprise-rse\/#primaryimage\"},\"thumbnailUrl\":\"https:\/\/sc-ci.com\/wp-content\/uploads\/2024\/10\/docteur-tenant-globe-dans-mains-fond-vert-flou_14117-976847.jpg\",\"datePublished\":\"2024-10-13T21:02:33+00:00\",\"dateModified\":\"2025-02-21T11:43:32+00:00\",\"breadcrumb\":{\"@id\":\"https:\/\/sc-ci.com\/responsabilite-societale-dentreprise-rse\/#breadcrumb\"},\"inLanguage\":\"en-US\",\"potentialAction\":[{\"@type\":\"ReadAction\",\"target\":[\"https:\/\/sc-ci.com\/responsabilite-societale-dentreprise-rse\/\"]}]},{\"@type\":\"ImageObject\",\"inLanguage\":\"en-US\",\"@id\":\"https:\/\/sc-ci.com\/responsabilite-societale-dentreprise-rse\/#primaryimage\",\"url\":\"https:\/\/sc-ci.com\/wp-content\/uploads\/2024\/10\/docteur-tenant-globe-dans-mains-fond-vert-flou_14117-976847.jpg\",\"contentUrl\":\"https:\/\/sc-ci.com\/wp-content\/uploads\/2024\/10\/docteur-tenant-globe-dans-mains-fond-vert-flou_14117-976847.jpg\"},{\"@type\":\"BreadcrumbList\",\"@id\":\"https:\/\/sc-ci.com\/responsabilite-societale-dentreprise-rse\/#breadcrumb\",\"itemListElement\":[{\"@type\":\"ListItem\",\"position\":1,\"name\":\"Home\",\"item\":\"https:\/\/sc-ci.com\/\"},{\"@type\":\"ListItem\",\"position\":2,\"name\":\"Responsabilit\u00e9 Soci\u00e9tale d\u2019Entreprise (RSE)\"}]},{\"@type\":\"WebSite\",\"@id\":\"https:\/\/sc-ci.com\/#website\",\"url\":\"https:\/\/sc-ci.com\/\",\"name\":\"Soci\u00e9t\u00e9 de Ciment de C\u00f4te d\u2019Ivoire\",\"description\":\"\",\"publisher\":{\"@id\":\"https:\/\/sc-ci.com\/#organization\"},\"potentialAction\":[{\"@type\":\"SearchAction\",\"target\":{\"@type\":\"EntryPoint\",\"urlTemplate\":\"https:\/\/sc-ci.com\/?s={search_term_string}\"},\"query-input\":{\"@type\":\"PropertyValueSpecification\",\"valueRequired\":true,\"valueName\":\"search_term_string\"}}],\"inLanguage\":\"en-US\"},{\"@type\":\"Organization\",\"@id\":\"https:\/\/sc-ci.com\/#organization\",\"name\":\"SC CI\",\"url\":\"https:\/\/sc-ci.com\/\",\"logo\":{\"@type\":\"ImageObject\",\"inLanguage\":\"en-US\",\"@id\":\"https:\/\/sc-ci.com\/#\/schema\/logo\/image\/\",\"url\":\"https:\/\/sc-ci.com\/wp-content\/uploads\/2025\/01\/favicon.jpg\",\"contentUrl\":\"https:\/\/sc-ci.com\/wp-content\/uploads\/2025\/01\/favicon.jpg\",\"width\":813,\"height\":813,\"caption\":\"SC CI\"},\"image\":{\"@id\":\"https:\/\/sc-ci.com\/#\/schema\/logo\/image\/\"}}]}<\/script>\n<!-- \/ Yoast SEO plugin. -->","yoast_head_json":{"title":"[:fr]Responsabilit\u00e9 Soci\u00e9tale d\u2019Entreprise (RSE)[:] - Soci\u00e9t\u00e9 de Ciment de C\u00f4te d\u2019Ivoire","robots":{"index":"index","follow":"follow","max-snippet":"max-snippet:-1","max-image-preview":"max-image-preview:large","max-video-preview":"max-video-preview:-1"},"canonical":"https:\/\/sc-ci.com\/responsabilite-societale-dentreprise-rse\/","og_locale":"en_US","og_type":"article","og_title":"[:fr]Responsabilit\u00e9 Soci\u00e9tale d\u2019Entreprise (RSE)[:] - Soci\u00e9t\u00e9 de Ciment de C\u00f4te d\u2019Ivoire","og_description":"Responsabilit\u00e9 Soci\u00e9tale d\u2019Entreprise (RSE) Qui sommes-nous ? \u00c0 Soci\u00e9t\u00e9 de Ciment de C\u00f4te d&#8217;Ivoire, nous croyons en un d\u00e9veloppement responsable et durable. Notre politique de Responsabilit\u00e9 Soci\u00e9tale des Entreprises (RSE) s\u2019articule autour de trois piliers principaux : l\u2019environnement, le bien-\u00eatre des communaut\u00e9s et la gouvernance \u00e9thique. Environnement Nous mettons en \u0153uvre des pratiques respectueuses de [&hellip;]","og_url":"https:\/\/sc-ci.com\/responsabilite-societale-dentreprise-rse\/","og_site_name":"Soci\u00e9t\u00e9 de Ciment de C\u00f4te d\u2019Ivoire","article_modified_time":"2025-02-21T11:43:32+00:00","og_image":[{"url":"https:\/\/sc-ci.com\/wp-content\/uploads\/2024\/10\/docteur-tenant-globe-dans-mains-fond-vert-flou_14117-976847.jpg","type":"","width":"","height":""}],"twitter_card":"summary_large_image","twitter_misc":{"Est. reading time":"2 minutes"},"schema":{"@context":"https:\/\/schema.org","@graph":[{"@type":"WebPage","@id":"https:\/\/sc-ci.com\/responsabilite-societale-dentreprise-rse\/","url":"https:\/\/sc-ci.com\/responsabilite-societale-dentreprise-rse\/","name":"[:fr]Responsabilit\u00e9 Soci\u00e9tale d\u2019Entreprise (RSE)[:] - Soci\u00e9t\u00e9 de Ciment de C\u00f4te d\u2019Ivoire","isPartOf":{"@id":"https:\/\/sc-ci.com\/#website"},"primaryImageOfPage":{"@id":"https:\/\/sc-ci.com\/responsabilite-societale-dentreprise-rse\/#primaryimage"},"image":{"@id":"https:\/\/sc-ci.com\/responsabilite-societale-dentreprise-rse\/#primaryimage"},"thumbnailUrl":"https:\/\/sc-ci.com\/wp-content\/uploads\/2024\/10\/docteur-tenant-globe-dans-mains-fond-vert-flou_14117-976847.jpg","datePublished":"2024-10-13T21:02:33+00:00","dateModified":"2025-02-21T11:43:32+00:00","breadcrumb":{"@id":"https:\/\/sc-ci.com\/responsabilite-societale-dentreprise-rse\/#breadcrumb"},"inLanguage":"en-US","potentialAction":[{"@type":"ReadAction","target":["https:\/\/sc-ci.com\/responsabilite-societale-dentreprise-rse\/"]}]},{"@type":"ImageObject","inLanguage":"en-US","@id":"https:\/\/sc-ci.com\/responsabilite-societale-dentreprise-rse\/#primaryimage","url":"https:\/\/sc-ci.com\/wp-content\/uploads\/2024\/10\/docteur-tenant-globe-dans-mains-fond-vert-flou_14117-976847.jpg","contentUrl":"https:\/\/sc-ci.com\/wp-content\/uploads\/2024\/10\/docteur-tenant-globe-dans-mains-fond-vert-flou_14117-976847.jpg"},{"@type":"BreadcrumbList","@id":"https:\/\/sc-ci.com\/responsabilite-societale-dentreprise-rse\/#breadcrumb","itemListElement":[{"@type":"ListItem","position":1,"name":"Home","item":"https:\/\/sc-ci.com\/"},{"@type":"ListItem","position":2,"name":"Responsabilit\u00e9 Soci\u00e9tale d\u2019Entreprise (RSE)"}]},{"@type":"WebSite","@id":"https:\/\/sc-ci.com\/#website","url":"https:\/\/sc-ci.com\/","name":"Soci\u00e9t\u00e9 de Ciment de C\u00f4te d\u2019Ivoire","description":"","publisher":{"@id":"https:\/\/sc-ci.com\/#organization"},"potentialAction":[{"@type":"SearchAction","target":{"@type":"EntryPoint","urlTemplate":"https:\/\/sc-ci.com\/?s={search_term_string}"},"query-input":{"@type":"PropertyValueSpecification","valueRequired":true,"valueName":"search_term_string"}}],"inLanguage":"en-US"},{"@type":"Organization","@id":"https:\/\/sc-ci.com\/#organization","name":"SC CI","url":"https:\/\/sc-ci.com\/","logo":{"@type":"ImageObject","inLanguage":"en-US","@id":"https:\/\/sc-ci.com\/#\/schema\/logo\/image\/","url":"https:\/\/sc-ci.com\/wp-content\/uploads\/2025\/01\/favicon.jpg","contentUrl":"https:\/\/sc-ci.com\/wp-content\/uploads\/2025\/01\/favicon.jpg","width":813,"height":813,"caption":"SC CI"},"image":{"@id":"https:\/\/sc-ci.com\/#\/schema\/logo\/image\/"}}]}},"_links":{"self":[{"href":"https:\/\/sc-ci.com\/en\/wp-json\/wp\/v2\/pages\/3166","targetHints":{"allow":["GET"]}}],"collection":[{"href":"https:\/\/sc-ci.com\/en\/wp-json\/wp\/v2\/pages"}],"about":[{"href":"https:\/\/sc-ci.com\/en\/wp-json\/wp\/v2\/types\/page"}],"author":[{"embeddable":true,"href":"https:\/\/sc-ci.com\/en\/wp-json\/wp\/v2\/users\/2"}],"replies":[{"embeddable":true,"href":"https:\/\/sc-ci.com\/en\/wp-json\/wp\/v2\/comments?post=3166"}],"version-history":[{"count":43,"href":"https:\/\/sc-ci.com\/en\/wp-json\/wp\/v2\/pages\/3166\/revisions"}],"predecessor-version":[{"id":4756,"href":"https:\/\/sc-ci.com\/en\/wp-json\/wp\/v2\/pages\/3166\/revisions\/4756"}],"wp:attachment":[{"href":"https:\/\/sc-ci.com\/en\/wp-json\/wp\/v2\/media?parent=3166"}],"curies":[{"name":"wp","href":"https:\/\/api.w.org\/{rel}","templated":true}]}}