{"id":3565,"date":"2024-11-12T15:05:32","date_gmt":"2024-11-12T15:05:32","guid":{"rendered":"http:\/\/sc-ci.com\/?page_id=3565"},"modified":"2025-02-21T11:43:31","modified_gmt":"2025-02-21T11:43:31","slug":"qui-sommes-nous","status":"publish","type":"page","link":"https:\/\/sc-ci.com\/en\/qui-sommes-nous\/","title":{"rendered":"(Fran\u00e7ais) A propos de nous"},"content":{"rendered":"\t\t<div data-elementor-type=\"wp-page\" data-elementor-id=\"3565\" class=\"elementor elementor-3565\" data-elementor-settings=\"{&quot;ha_cmc_init_switcher&quot;:&quot;no&quot;}\" data-elementor-post-type=\"page\">\n\t\t\t\t<div class=\"elementor-element elementor-element-424d498 e-flex e-con-boxed e-con e-parent\" data-id=\"424d498\" data-element_type=\"container\" data-settings=\"{&quot;background_background&quot;:&quot;classic&quot;,&quot;_ha_eqh_enable&quot;:false}\">\n\t\t\t\t\t<div class=\"e-con-inner\">\n\t\t\t\t<div class=\"elementor-element elementor-element-ad83f01 elementor-widget elementor-widget-heading\" data-id=\"ad83f01\" data-element_type=\"widget\" data-widget_type=\"heading.default\">\n\t\t\t\t<div class=\"elementor-widget-container\">\n\t\t\t\t\t<h2 class=\"elementor-heading-title elementor-size-default\">A propos de nous<\/h2>\t\t\t\t<\/div>\n\t\t\t\t<\/div>\n\t\t\t\t\t<\/div>\n\t\t\t\t<\/div>\n\t\t<div class=\"elementor-element elementor-element-9a1a15d e-flex e-con-boxed e-con e-parent\" data-id=\"9a1a15d\" data-element_type=\"container\" data-settings=\"{&quot;_ha_eqh_enable&quot;:false}\">\n\t\t\t\t\t<div class=\"e-con-inner\">\n\t\t<div class=\"elementor-element elementor-element-b57c4a3 e-con-full e-flex e-con e-parent\" data-id=\"b57c4a3\" data-element_type=\"container\" data-settings=\"{&quot;_ha_eqh_enable&quot;:false}\">\n\t\t\t\t<div class=\"elementor-element elementor-element-a2dfc8d elementor-widget elementor-widget-ha-slider happy-addon ha-slider\" data-id=\"a2dfc8d\" data-element_type=\"widget\" data-settings=\"{&quot;animation_speed&quot;:300,&quot;autoplay&quot;:&quot;yes&quot;,&quot;autoplay_speed&quot;:3000,&quot;loop&quot;:&quot;yes&quot;,&quot;slides_transition&quot;:&quot;slide&quot;,&quot;navigation&quot;:&quot;arrow&quot;}\" data-widget_type=\"ha-slider.default\">\n\t\t\t\t<div class=\"elementor-widget-container\">\n\t\t\t\t\t\n\t\t<div class=\"hajs-slick ha-slick ha-slick--slider\">\n\n\t\t\t\n\t\t\t\t<div class=\"ha-slick-slide slick-slide\">\n\t\t\t\t\t<div class=\"ha-slick-item\">\n\t\t\t\t\t\t\t\t\t\t\t\t\t<img decoding=\"async\" class=\"ha-slick-img\" src=\"https:\/\/sc-ci.com\/wp-content\/uploads\/2024\/11\/45A0372ok-min-scaled-1-768x512.jpg\" alt=\"\">\n\t\t\t\t\t\t\n\t\t\t\t\t\t\t\t\t\t\t<\/div>\n\t\t\t\t<\/div>\n\n\t\t\t\n\t\t\t\t<div class=\"ha-slick-slide slick-slide\">\n\t\t\t\t\t<div class=\"ha-slick-item\">\n\t\t\t\t\t\t\t\t\t\t\t\t\t<img decoding=\"async\" class=\"ha-slick-img\" src=\"https:\/\/sc-ci.com\/wp-content\/uploads\/2024\/11\/WhatsApp-Image-2020-12-13-at-00.05.13-768x514.jpeg\" alt=\"\">\n\t\t\t\t\t\t\n\t\t\t\t\t\t\t\t\t\t\t<\/div>\n\t\t\t\t<\/div>\n\n\t\t\t\n\t\t<\/div>\n\n\t\t\t\t\t<button type=\"button\" class=\"slick-prev\"><svg aria-hidden=\"true\" class=\"e-font-icon-svg e-fas-chevron-left\" viewBox=\"0 0 320 512\" xmlns=\"http:\/\/www.w3.org\/2000\/svg\"><path d=\"M34.52 239.03L228.87 44.69c9.37-9.37 24.57-9.37 33.94 0l22.67 22.67c9.36 9.36 9.37 24.52.04 33.9L131.49 256l154.02 154.75c9.34 9.38 9.32 24.54-.04 33.9l-22.67 22.67c-9.37 9.37-24.57 9.37-33.94 0L34.52 272.97c-9.37-9.37-9.37-24.57 0-33.94z\"><\/path><\/svg><\/button>\n\t\t\n\t\t\t\t\t<button type=\"button\" class=\"slick-next\"><svg aria-hidden=\"true\" class=\"e-font-icon-svg e-fas-chevron-right\" viewBox=\"0 0 320 512\" xmlns=\"http:\/\/www.w3.org\/2000\/svg\"><path d=\"M285.476 272.971L91.132 467.314c-9.373 9.373-24.569 9.373-33.941 0l-22.667-22.667c-9.357-9.357-9.375-24.522-.04-33.901L188.505 256 34.484 101.255c-9.335-9.379-9.317-24.544.04-33.901l22.667-22.667c9.373-9.373 24.569-9.373 33.941 0L285.475 239.03c9.373 9.372 9.373 24.568.001 33.941z\"><\/path><\/svg><\/button>\n\t\t\n\t\t\t\t\t\t<\/div>\n\t\t\t\t<\/div>\n\t\t\t\t<\/div>\n\t\t<div class=\"elementor-element elementor-element-14d2427 e-con-full e-flex e-con e-parent\" data-id=\"14d2427\" data-element_type=\"container\" data-settings=\"{&quot;_ha_eqh_enable&quot;:false}\">\n\t\t\t\t<div class=\"elementor-element elementor-element-ead1522 elementor-widget elementor-widget-text-editor\" data-id=\"ead1522\" data-element_type=\"widget\" data-widget_type=\"text-editor.default\">\n\t\t\t\t<div class=\"elementor-widget-container\">\n\t\t\t\t\t\t\t\t\t<p>Soci\u00e9t\u00e9 de Ciment de C\u00f4te d\u2019Ivoire (SC CI) est une entreprise sp\u00e9cialis\u00e9e dans la production et la commercialisation de ciment, fi\u00e8rement int\u00e9gr\u00e9e au sein de Atlantic Group.<\/p><p>Fond\u00e9e par l\u2019\u00e9minent homme d\u2019affaires ivoirien Kon\u00e9 DOSSONGUI, SC CI se distingue par son expertise et son engagement envers l\u2019excellence.<\/p><p>Sous la marque BIGCIM, nous offrons une gamme compl\u00e8te de produits en ciment, disponible sur l\u2019ensemble du territoire ivoirien. Notre soci\u00e9t\u00e9, dot\u00e9e de deux usines modernes, est \u00e9quip\u00e9e pour r\u00e9pondre \u00e0 une capacit\u00e9 de production annuelle de 3 millions de tonnes.<\/p><p>A SC CI, nous nous consacrons \u00e0 fournir des produits de haute qualit\u00e9 qui r\u00e9pondent aux standards les plus exigeants. D\u00e9couvrez notre engagement pour l\u2019innovation et la durabilit\u00e9 \u00e0 travers nos solutions en ciment, con\u00e7ues pour soutenir les projets d\u2019envergure et contribuer au d\u00e9veloppement des infrastructures.<\/p>\t\t\t\t\t\t\t\t<\/div>\n\t\t\t\t<\/div>\n\t\t\t\t<\/div>\n\t\t\t\t\t<\/div>\n\t\t\t\t<\/div>\n\t\t<div class=\"elementor-element elementor-element-5c7ccf5 e-flex e-con-boxed e-con e-parent\" data-id=\"5c7ccf5\" data-element_type=\"container\" data-settings=\"{&quot;_ha_eqh_enable&quot;:false}\">\n\t\t\t\t\t<div class=\"e-con-inner\">\n\t\t<div class=\"elementor-element elementor-element-46c0be6 e-con-full e-flex e-con e-parent\" data-id=\"46c0be6\" data-element_type=\"container\" data-settings=\"{&quot;_ha_eqh_enable&quot;:false}\">\n\t\t\t\t<div class=\"elementor-element elementor-element-b19bdbb elementor-widget elementor-widget-heading\" data-id=\"b19bdbb\" data-element_type=\"widget\" data-widget_type=\"heading.default\">\n\t\t\t\t<div class=\"elementor-widget-container\">\n\t\t\t\t\t<h2 class=\"elementor-heading-title elementor-size-default\">Notre mission<\/h2>\t\t\t\t<\/div>\n\t\t\t\t<\/div>\n\t\t\t\t<div class=\"elementor-element elementor-element-b0ed1c3 elementor-widget elementor-widget-text-editor\" data-id=\"b0ed1c3\" data-element_type=\"widget\" data-widget_type=\"text-editor.default\">\n\t\t\t\t<div class=\"elementor-widget-container\">\n\t\t\t\t\t\t\t\t\t<p style=\"text-align: justify;\">\u00catre le leader incontournable du secteur cimentier en C\u00f4te d\u2019Ivoire, en proposant des solutions innovantes, durables et de haute qualit\u00e9, tout en contribuant activement au d\u00e9veloppement \u00e9conomique et social du pays.<\/p>\t\t\t\t\t\t\t\t<\/div>\n\t\t\t\t<\/div>\n\t\t\t\t<div class=\"elementor-element elementor-element-52729be elementor-widget elementor-widget-heading\" data-id=\"52729be\" data-element_type=\"widget\" data-widget_type=\"heading.default\">\n\t\t\t\t<div class=\"elementor-widget-container\">\n\t\t\t\t\t<h2 class=\"elementor-heading-title elementor-size-default\">Nos valeurs<\/h2>\t\t\t\t<\/div>\n\t\t\t\t<\/div>\n\t\t\t\t<div class=\"elementor-element elementor-element-7a13d52 elementor-widget elementor-widget-text-editor\" data-id=\"7a13d52\" data-element_type=\"widget\" data-widget_type=\"text-editor.default\">\n\t\t\t\t<div class=\"elementor-widget-container\">\n\t\t\t\t\t\t\t\t\t<ul><li style=\"text-align: justify;\"><strong>\u2022 Qualit\u00e9<\/strong> : Proposer des solutions qui r\u00e9pondent aux attentes et aux exigences de nos clients et de la population ivoirienne.<\/li><li style=\"text-align: justify;\"><strong>\u2022 Service Client<\/strong> : Offrir un service client de premier ordre, alliant disponibilit\u00e9, \u00e9coute, et efficacit\u00e9.<\/li><li style=\"text-align: justify;\"><strong>\u2022 Proximit\u00e9<\/strong> : Rester accessible \u00e0 nos clients gr\u00e2ce \u00e0 un r\u00e9seau \u00e9tendu de points de livraison strat\u00e9giquement situ\u00e9s.<\/li><li style=\"text-align: justify;\"><strong>\u2022 Int\u00e9grit\u00e9<\/strong> : Maintenir des standards \u00e9lev\u00e9s d\u2019honn\u00eatet\u00e9, de transparence et de responsabilit\u00e9 dans toutes nos interactions avec les parties prenantes.<\/li><\/ul>\t\t\t\t\t\t\t\t<\/div>\n\t\t\t\t<\/div>\n\t\t\t\t<\/div>\n\t\t<div class=\"elementor-element elementor-element-c177d94 e-con-full e-flex e-con e-parent\" data-id=\"c177d94\" data-element_type=\"container\" data-settings=\"{&quot;_ha_eqh_enable&quot;:false}\">\n\t\t\t\t<div class=\"elementor-element elementor-element-9c0d836 elementor-widget elementor-widget-image\" data-id=\"9c0d836\" data-element_type=\"widget\" data-widget_type=\"image.default\">\n\t\t\t\t<div class=\"elementor-widget-container\">\n\t\t\t\t\t\t\t\t\t\t\t\t\t\t\t<img fetchpriority=\"high\" decoding=\"async\" width=\"684\" height=\"667\" src=\"https:\/\/sc-ci.com\/wp-content\/uploads\/2024\/12\/WhatsApp-Image-2024-12-04-a-10.00.33_7a48a087-1-Photoroom-684x667.png\" class=\"attachment-large size-large wp-image-4067\" alt=\"\" srcset=\"https:\/\/sc-ci.com\/wp-content\/uploads\/2024\/12\/WhatsApp-Image-2024-12-04-a-10.00.33_7a48a087-1-Photoroom-684x667.png 684w, https:\/\/sc-ci.com\/wp-content\/uploads\/2024\/12\/WhatsApp-Image-2024-12-04-a-10.00.33_7a48a087-1-Photoroom-479x467.png 479w, https:\/\/sc-ci.com\/wp-content\/uploads\/2024\/12\/WhatsApp-Image-2024-12-04-a-10.00.33_7a48a087-1-Photoroom-768x749.png 768w, https:\/\/sc-ci.com\/wp-content\/uploads\/2024\/12\/WhatsApp-Image-2024-12-04-a-10.00.33_7a48a087-1-Photoroom-24x24.png 24w, https:\/\/sc-ci.com\/wp-content\/uploads\/2024\/12\/WhatsApp-Image-2024-12-04-a-10.00.33_7a48a087-1-Photoroom-36x36.png 36w, https:\/\/sc-ci.com\/wp-content\/uploads\/2024\/12\/WhatsApp-Image-2024-12-04-a-10.00.33_7a48a087-1-Photoroom-100x98.png 100w, https:\/\/sc-ci.com\/wp-content\/uploads\/2024\/12\/WhatsApp-Image-2024-12-04-a-10.00.33_7a48a087-1-Photoroom.png 1280w\" sizes=\"(max-width: 684px) 100vw, 684px\" \/>\t\t\t\t\t\t\t\t\t\t\t\t\t\t\t<\/div>\n\t\t\t\t<\/div>\n\t\t\t\t<\/div>\n\t\t\t\t\t<\/div>\n\t\t\t\t<\/div>\n\t\t\t\t<\/div>\n\t\t","protected":false},"excerpt":{"rendered":"<p>A propos de nous Soci\u00e9t\u00e9 de Ciment de C\u00f4te d\u2019Ivoire (SC CI) est une entreprise sp\u00e9cialis\u00e9e dans la production et la commercialisation de ciment, fi\u00e8rement int\u00e9gr\u00e9e au sein de Atlantic Group. Fond\u00e9e par l\u2019\u00e9minent homme d\u2019affaires ivoirien Kon\u00e9 DOSSONGUI, SC CI se distingue par son expertise et son engagement envers l\u2019excellence. Sous la marque BIGCIM, [&hellip;]<\/p>\n","protected":false},"author":2,"featured_media":0,"parent":0,"menu_order":0,"comment_status":"closed","ping_status":"closed","template":"elementor_header_footer","meta":{"_acf_changed":false,"_joinchat":[],"footnotes":""},"class_list":["post-3565","page","type-page","status-publish","hentry"],"acf":[],"yoast_head":"<!-- This site is optimized with the Yoast SEO plugin v24.6 - https:\/\/yoast.com\/wordpress\/plugins\/seo\/ -->\n<title><\/title>\n<meta name=\"robots\" content=\"index, follow, max-snippet:-1, max-image-preview:large, max-video-preview:-1\" \/>\n<link rel=\"canonical\" href=\"https:\/\/sc-ci.com\/qui-sommes-nous\/\" \/>\n<meta property=\"og:locale\" content=\"en_US\" \/>\n<meta property=\"og:type\" content=\"article\" \/>\n<meta property=\"og:title\" content=\"[:fr]A propos de nous[:] - Soci\u00e9t\u00e9 de Ciment de C\u00f4te d\u2019Ivoire\" \/>\n<meta property=\"og:description\" content=\"A propos de nous Soci\u00e9t\u00e9 de Ciment de C\u00f4te d\u2019Ivoire (SC CI) est une entreprise sp\u00e9cialis\u00e9e dans la production et la commercialisation de ciment, fi\u00e8rement int\u00e9gr\u00e9e au sein de Atlantic Group. Fond\u00e9e par l\u2019\u00e9minent homme d\u2019affaires ivoirien Kon\u00e9 DOSSONGUI, SC CI se distingue par son expertise et son engagement envers l\u2019excellence. Sous la marque BIGCIM, [&hellip;]\" \/>\n<meta property=\"og:url\" content=\"https:\/\/sc-ci.com\/qui-sommes-nous\/\" \/>\n<meta property=\"og:site_name\" content=\"Soci\u00e9t\u00e9 de Ciment de C\u00f4te d\u2019Ivoire\" \/>\n<meta property=\"article:modified_time\" content=\"2025-02-21T11:43:31+00:00\" \/>\n<meta property=\"og:image\" content=\"http:\/\/sc-ci.com\/wp-content\/uploads\/2024\/11\/45A0372ok-min-scaled-1-768x512.jpg\" \/>\n<meta name=\"twitter:card\" content=\"summary_large_image\" \/>\n<meta name=\"twitter:label1\" content=\"Est. reading time\" \/>\n\t<meta name=\"twitter:data1\" content=\"1 minute\" \/>\n<script type=\"application\/ld+json\" class=\"yoast-schema-graph\">{\"@context\":\"https:\/\/schema.org\",\"@graph\":[{\"@type\":\"WebPage\",\"@id\":\"https:\/\/sc-ci.com\/qui-sommes-nous\/\",\"url\":\"https:\/\/sc-ci.com\/qui-sommes-nous\/\",\"name\":\"[:fr]A propos de nous[:] - Soci\u00e9t\u00e9 de Ciment de C\u00f4te d\u2019Ivoire\",\"isPartOf\":{\"@id\":\"https:\/\/sc-ci.com\/#website\"},\"primaryImageOfPage\":{\"@id\":\"https:\/\/sc-ci.com\/qui-sommes-nous\/#primaryimage\"},\"image\":{\"@id\":\"https:\/\/sc-ci.com\/qui-sommes-nous\/#primaryimage\"},\"thumbnailUrl\":\"http:\/\/sc-ci.com\/wp-content\/uploads\/2024\/11\/45A0372ok-min-scaled-1-768x512.jpg\",\"datePublished\":\"2024-11-12T15:05:32+00:00\",\"dateModified\":\"2025-02-21T11:43:31+00:00\",\"breadcrumb\":{\"@id\":\"https:\/\/sc-ci.com\/qui-sommes-nous\/#breadcrumb\"},\"inLanguage\":\"en-US\",\"potentialAction\":[{\"@type\":\"ReadAction\",\"target\":[\"https:\/\/sc-ci.com\/qui-sommes-nous\/\"]}]},{\"@type\":\"ImageObject\",\"inLanguage\":\"en-US\",\"@id\":\"https:\/\/sc-ci.com\/qui-sommes-nous\/#primaryimage\",\"url\":\"http:\/\/sc-ci.com\/wp-content\/uploads\/2024\/11\/45A0372ok-min-scaled-1-768x512.jpg\",\"contentUrl\":\"http:\/\/sc-ci.com\/wp-content\/uploads\/2024\/11\/45A0372ok-min-scaled-1-768x512.jpg\"},{\"@type\":\"BreadcrumbList\",\"@id\":\"https:\/\/sc-ci.com\/qui-sommes-nous\/#breadcrumb\",\"itemListElement\":[{\"@type\":\"ListItem\",\"position\":1,\"name\":\"Home\",\"item\":\"https:\/\/sc-ci.com\/\"},{\"@type\":\"ListItem\",\"position\":2,\"name\":\"A propos de nous\"}]},{\"@type\":\"WebSite\",\"@id\":\"https:\/\/sc-ci.com\/#website\",\"url\":\"https:\/\/sc-ci.com\/\",\"name\":\"Soci\u00e9t\u00e9 de Ciment de C\u00f4te d\u2019Ivoire\",\"description\":\"\",\"publisher\":{\"@id\":\"https:\/\/sc-ci.com\/#organization\"},\"potentialAction\":[{\"@type\":\"SearchAction\",\"target\":{\"@type\":\"EntryPoint\",\"urlTemplate\":\"https:\/\/sc-ci.com\/?s={search_term_string}\"},\"query-input\":{\"@type\":\"PropertyValueSpecification\",\"valueRequired\":true,\"valueName\":\"search_term_string\"}}],\"inLanguage\":\"en-US\"},{\"@type\":\"Organization\",\"@id\":\"https:\/\/sc-ci.com\/#organization\",\"name\":\"SC CI\",\"url\":\"https:\/\/sc-ci.com\/\",\"logo\":{\"@type\":\"ImageObject\",\"inLanguage\":\"en-US\",\"@id\":\"https:\/\/sc-ci.com\/#\/schema\/logo\/image\/\",\"url\":\"https:\/\/sc-ci.com\/wp-content\/uploads\/2025\/01\/favicon.jpg\",\"contentUrl\":\"https:\/\/sc-ci.com\/wp-content\/uploads\/2025\/01\/favicon.jpg\",\"width\":813,\"height\":813,\"caption\":\"SC CI\"},\"image\":{\"@id\":\"https:\/\/sc-ci.com\/#\/schema\/logo\/image\/\"}}]}<\/script>\n<!-- \/ Yoast SEO plugin. -->","yoast_head_json":{"title":"[:fr]A propos de nous[:] - Soci\u00e9t\u00e9 de Ciment de C\u00f4te d\u2019Ivoire","robots":{"index":"index","follow":"follow","max-snippet":"max-snippet:-1","max-image-preview":"max-image-preview:large","max-video-preview":"max-video-preview:-1"},"canonical":"https:\/\/sc-ci.com\/qui-sommes-nous\/","og_locale":"en_US","og_type":"article","og_title":"[:fr]A propos de nous[:] - Soci\u00e9t\u00e9 de Ciment de C\u00f4te d\u2019Ivoire","og_description":"A propos de nous Soci\u00e9t\u00e9 de Ciment de C\u00f4te d\u2019Ivoire (SC CI) est une entreprise sp\u00e9cialis\u00e9e dans la production et la commercialisation de ciment, fi\u00e8rement int\u00e9gr\u00e9e au sein de Atlantic Group. Fond\u00e9e par l\u2019\u00e9minent homme d\u2019affaires ivoirien Kon\u00e9 DOSSONGUI, SC CI se distingue par son expertise et son engagement envers l\u2019excellence. Sous la marque BIGCIM, [&hellip;]","og_url":"https:\/\/sc-ci.com\/qui-sommes-nous\/","og_site_name":"Soci\u00e9t\u00e9 de Ciment de C\u00f4te d\u2019Ivoire","article_modified_time":"2025-02-21T11:43:31+00:00","og_image":[{"url":"http:\/\/sc-ci.com\/wp-content\/uploads\/2024\/11\/45A0372ok-min-scaled-1-768x512.jpg","type":"","width":"","height":""}],"twitter_card":"summary_large_image","twitter_misc":{"Est. reading time":"1 minute"},"schema":{"@context":"https:\/\/schema.org","@graph":[{"@type":"WebPage","@id":"https:\/\/sc-ci.com\/qui-sommes-nous\/","url":"https:\/\/sc-ci.com\/qui-sommes-nous\/","name":"[:fr]A propos de nous[:] - Soci\u00e9t\u00e9 de Ciment de C\u00f4te d\u2019Ivoire","isPartOf":{"@id":"https:\/\/sc-ci.com\/#website"},"primaryImageOfPage":{"@id":"https:\/\/sc-ci.com\/qui-sommes-nous\/#primaryimage"},"image":{"@id":"https:\/\/sc-ci.com\/qui-sommes-nous\/#primaryimage"},"thumbnailUrl":"http:\/\/sc-ci.com\/wp-content\/uploads\/2024\/11\/45A0372ok-min-scaled-1-768x512.jpg","datePublished":"2024-11-12T15:05:32+00:00","dateModified":"2025-02-21T11:43:31+00:00","breadcrumb":{"@id":"https:\/\/sc-ci.com\/qui-sommes-nous\/#breadcrumb"},"inLanguage":"en-US","potentialAction":[{"@type":"ReadAction","target":["https:\/\/sc-ci.com\/qui-sommes-nous\/"]}]},{"@type":"ImageObject","inLanguage":"en-US","@id":"https:\/\/sc-ci.com\/qui-sommes-nous\/#primaryimage","url":"http:\/\/sc-ci.com\/wp-content\/uploads\/2024\/11\/45A0372ok-min-scaled-1-768x512.jpg","contentUrl":"http:\/\/sc-ci.com\/wp-content\/uploads\/2024\/11\/45A0372ok-min-scaled-1-768x512.jpg"},{"@type":"BreadcrumbList","@id":"https:\/\/sc-ci.com\/qui-sommes-nous\/#breadcrumb","itemListElement":[{"@type":"ListItem","position":1,"name":"Home","item":"https:\/\/sc-ci.com\/"},{"@type":"ListItem","position":2,"name":"A propos de nous"}]},{"@type":"WebSite","@id":"https:\/\/sc-ci.com\/#website","url":"https:\/\/sc-ci.com\/","name":"Soci\u00e9t\u00e9 de Ciment de C\u00f4te d\u2019Ivoire","description":"","publisher":{"@id":"https:\/\/sc-ci.com\/#organization"},"potentialAction":[{"@type":"SearchAction","target":{"@type":"EntryPoint","urlTemplate":"https:\/\/sc-ci.com\/?s={search_term_string}"},"query-input":{"@type":"PropertyValueSpecification","valueRequired":true,"valueName":"search_term_string"}}],"inLanguage":"en-US"},{"@type":"Organization","@id":"https:\/\/sc-ci.com\/#organization","name":"SC CI","url":"https:\/\/sc-ci.com\/","logo":{"@type":"ImageObject","inLanguage":"en-US","@id":"https:\/\/sc-ci.com\/#\/schema\/logo\/image\/","url":"https:\/\/sc-ci.com\/wp-content\/uploads\/2025\/01\/favicon.jpg","contentUrl":"https:\/\/sc-ci.com\/wp-content\/uploads\/2025\/01\/favicon.jpg","width":813,"height":813,"caption":"SC CI"},"image":{"@id":"https:\/\/sc-ci.com\/#\/schema\/logo\/image\/"}}]}},"_links":{"self":[{"href":"https:\/\/sc-ci.com\/en\/wp-json\/wp\/v2\/pages\/3565","targetHints":{"allow":["GET"]}}],"collection":[{"href":"https:\/\/sc-ci.com\/en\/wp-json\/wp\/v2\/pages"}],"about":[{"href":"https:\/\/sc-ci.com\/en\/wp-json\/wp\/v2\/types\/page"}],"author":[{"embeddable":true,"href":"https:\/\/sc-ci.com\/en\/wp-json\/wp\/v2\/users\/2"}],"replies":[{"embeddable":true,"href":"https:\/\/sc-ci.com\/en\/wp-json\/wp\/v2\/comments?post=3565"}],"version-history":[{"count":53,"href":"https:\/\/sc-ci.com\/en\/wp-json\/wp\/v2\/pages\/3565\/revisions"}],"predecessor-version":[{"id":4071,"href":"https:\/\/sc-ci.com\/en\/wp-json\/wp\/v2\/pages\/3565\/revisions\/4071"}],"wp:attachment":[{"href":"https:\/\/sc-ci.com\/en\/wp-json\/wp\/v2\/media?parent=3565"}],"curies":[{"name":"wp","href":"https:\/\/api.w.org\/{rel}","templated":true}]}}