{"id":3653,"date":"2024-11-12T17:20:24","date_gmt":"2024-11-12T17:20:24","guid":{"rendered":"http:\/\/sc-ci.com\/?page_id=3653"},"modified":"2025-02-21T11:43:32","modified_gmt":"2025-02-21T11:43:32","slug":"nosclients","status":"publish","type":"page","link":"https:\/\/sc-ci.com\/en\/nosclients\/","title":{"rendered":"(Fran\u00e7ais) Professionnels"},"content":{"rendered":"\t\t<div data-elementor-type=\"wp-page\" data-elementor-id=\"3653\" class=\"elementor elementor-3653\" data-elementor-settings=\"{&quot;ha_cmc_init_switcher&quot;:&quot;no&quot;}\" data-elementor-post-type=\"page\">\n\t\t\t\t<div class=\"elementor-element elementor-element-cbc8467 e-flex e-con-boxed e-con e-parent\" data-id=\"cbc8467\" data-element_type=\"container\" data-settings=\"{&quot;background_background&quot;:&quot;classic&quot;,&quot;_ha_eqh_enable&quot;:false}\">\n\t\t\t\t\t<div class=\"e-con-inner\">\n\t\t\t\t<div class=\"elementor-element elementor-element-407d2ca elementor-widget elementor-widget-heading\" data-id=\"407d2ca\" data-element_type=\"widget\" data-widget_type=\"heading.default\">\n\t\t\t\t<div class=\"elementor-widget-container\">\n\t\t\t\t\t<h2 class=\"elementor-heading-title elementor-size-default\">Professionnels<\/h2>\t\t\t\t<\/div>\n\t\t\t\t<\/div>\n\t\t\t\t\t<\/div>\n\t\t\t\t<\/div>\n\t\t<div class=\"elementor-element elementor-element-dd16195 e-flex e-con-boxed e-con e-parent\" data-id=\"dd16195\" data-element_type=\"container\" data-settings=\"{&quot;_ha_eqh_enable&quot;:false}\">\n\t\t\t\t\t<div class=\"e-con-inner\">\n\t\t\t\t<div class=\"elementor-element elementor-element-4d1ce49 elementor-posts--align-center elementor-grid-3 elementor-grid-tablet-2 elementor-grid-mobile-1 elementor-posts--thumbnail-top elementor-card-shadow-yes elementor-posts__hover-gradient elementor-widget elementor-widget-posts\" data-id=\"4d1ce49\" data-element_type=\"widget\" data-settings=\"{&quot;cards_columns&quot;:&quot;3&quot;,&quot;cards_columns_tablet&quot;:&quot;2&quot;,&quot;cards_columns_mobile&quot;:&quot;1&quot;,&quot;cards_row_gap&quot;:{&quot;unit&quot;:&quot;px&quot;,&quot;size&quot;:35,&quot;sizes&quot;:[]},&quot;cards_row_gap_tablet&quot;:{&quot;unit&quot;:&quot;px&quot;,&quot;size&quot;:&quot;&quot;,&quot;sizes&quot;:[]},&quot;cards_row_gap_mobile&quot;:{&quot;unit&quot;:&quot;px&quot;,&quot;size&quot;:&quot;&quot;,&quot;sizes&quot;:[]}}\" data-widget_type=\"posts.cards\">\n\t\t\t\t<div class=\"elementor-widget-container\">\n\t\t\t\t\t\t\t<div class=\"elementor-posts-container elementor-posts elementor-posts--skin-cards elementor-grid\">\n\t\t\t\t<article class=\"elementor-post elementor-grid-item post-3113 post type-post status-publish format-standard has-post-thumbnail hentry category-clients-professionnels\">\n\t\t\t<div class=\"elementor-post__card\">\n\t\t\t\t<a class=\"elementor-post__thumbnail__link\" href=\"https:\/\/sc-ci.com\/en\/mines\/\" tabindex=\"-1\" ><div class=\"elementor-post__thumbnail\"><img fetchpriority=\"high\" decoding=\"async\" width=\"700\" height=\"392\" src=\"https:\/\/sc-ci.com\/wp-content\/uploads\/2024\/10\/portrait-man-working-as-miner-1-700x392.jpg\" class=\"attachment-medium size-medium wp-image-3114\" alt=\"\" srcset=\"https:\/\/sc-ci.com\/wp-content\/uploads\/2024\/10\/portrait-man-working-as-miner-1-700x392.jpg 700w, https:\/\/sc-ci.com\/wp-content\/uploads\/2024\/10\/portrait-man-working-as-miner-1-1000x560.jpg 1000w, https:\/\/sc-ci.com\/wp-content\/uploads\/2024\/10\/portrait-man-working-as-miner-1-768x430.jpg 768w, https:\/\/sc-ci.com\/wp-content\/uploads\/2024\/10\/portrait-man-working-as-miner-1-1536x861.jpg 1536w, https:\/\/sc-ci.com\/wp-content\/uploads\/2024\/10\/portrait-man-working-as-miner-1-2048x1148.jpg 2048w\" sizes=\"(max-width: 700px) 100vw, 700px\" \/><\/div><\/a>\n\t\t\t\t<div class=\"elementor-post__text\">\n\t\t\t\t<h3 class=\"elementor-post__title\">\n\t\t\t<a href=\"https:\/\/sc-ci.com\/en\/mines\/\" >\n\t\t\t\t(Fran\u00e7ais) Mines\t\t\t<\/a>\n\t\t<\/h3>\n\t\t\t\t<div class=\"elementor-post__excerpt\">\n\t\t\t<p>Sorry, this entry is only available in Fran\u00e7ais.<\/p>\n\t\t<\/div>\n\t\t\n\t\t<a class=\"elementor-post__read-more\" href=\"https:\/\/sc-ci.com\/en\/mines\/\" aria-label=\"Read more about (Fran\u00e7ais) Mines\" tabindex=\"-1\" >\n\t\t\tVOIR PLUS \u00bb\t\t<\/a>\n\n\t\t\t\t<\/div>\n\t\t\t\t\t<\/div>\n\t\t<\/article>\n\t\t\t\t<article class=\"elementor-post elementor-grid-item post-3109 post type-post status-publish format-standard has-post-thumbnail hentry category-clients-professionnels\">\n\t\t\t<div class=\"elementor-post__card\">\n\t\t\t\t<a class=\"elementor-post__thumbnail__link\" href=\"https:\/\/sc-ci.com\/en\/beton-prefabrique-et-pret-a-lemploi\/\" tabindex=\"-1\" ><div class=\"elementor-post__thumbnail\"><img decoding=\"async\" width=\"700\" height=\"392\" src=\"https:\/\/sc-ci.com\/wp-content\/uploads\/2024\/10\/Beton-Prefabrique-et-pret-a-lemploi-700x392.jpg\" class=\"attachment-medium size-medium wp-image-3110\" alt=\"\" srcset=\"https:\/\/sc-ci.com\/wp-content\/uploads\/2024\/10\/Beton-Prefabrique-et-pret-a-lemploi-700x392.jpg 700w, https:\/\/sc-ci.com\/wp-content\/uploads\/2024\/10\/Beton-Prefabrique-et-pret-a-lemploi-768x430.jpg 768w, https:\/\/sc-ci.com\/wp-content\/uploads\/2024\/10\/Beton-Prefabrique-et-pret-a-lemploi.jpg 996w\" sizes=\"(max-width: 700px) 100vw, 700px\" \/><\/div><\/a>\n\t\t\t\t<div class=\"elementor-post__text\">\n\t\t\t\t<h3 class=\"elementor-post__title\">\n\t\t\t<a href=\"https:\/\/sc-ci.com\/en\/beton-prefabrique-et-pret-a-lemploi\/\" >\n\t\t\t\t(Fran\u00e7ais) B\u00e9ton Pr\u00e9fabriqu\u00e9 et pr\u00eat \u00e0 l\u2019emploi\t\t\t<\/a>\n\t\t<\/h3>\n\t\t\t\t<div class=\"elementor-post__excerpt\">\n\t\t\t<p>Sorry, this entry is only available in Fran\u00e7ais.<\/p>\n\t\t<\/div>\n\t\t\n\t\t<a class=\"elementor-post__read-more\" href=\"https:\/\/sc-ci.com\/en\/beton-prefabrique-et-pret-a-lemploi\/\" aria-label=\"Read more about (Fran\u00e7ais) B\u00e9ton Pr\u00e9fabriqu\u00e9 et pr\u00eat \u00e0 l\u2019emploi\" tabindex=\"-1\" >\n\t\t\tVOIR PLUS \u00bb\t\t<\/a>\n\n\t\t\t\t<\/div>\n\t\t\t\t\t<\/div>\n\t\t<\/article>\n\t\t\t\t<article class=\"elementor-post elementor-grid-item post-3106 post type-post status-publish format-standard has-post-thumbnail hentry category-clients-professionnels\">\n\t\t\t<div class=\"elementor-post__card\">\n\t\t\t\t<a class=\"elementor-post__thumbnail__link\" href=\"https:\/\/sc-ci.com\/en\/routes-et-infrastructures\/\" tabindex=\"-1\" ><div class=\"elementor-post__thumbnail\"><img decoding=\"async\" width=\"700\" height=\"400\" src=\"https:\/\/sc-ci.com\/wp-content\/uploads\/2024\/10\/Routes-et-Infrastructures-700x400.jpg\" class=\"attachment-medium size-medium wp-image-3107\" alt=\"\" srcset=\"https:\/\/sc-ci.com\/wp-content\/uploads\/2024\/10\/Routes-et-Infrastructures-700x400.jpg 700w, https:\/\/sc-ci.com\/wp-content\/uploads\/2024\/10\/Routes-et-Infrastructures-768x439.jpg 768w, https:\/\/sc-ci.com\/wp-content\/uploads\/2024\/10\/Routes-et-Infrastructures.jpg 996w\" sizes=\"(max-width: 700px) 100vw, 700px\" \/><\/div><\/a>\n\t\t\t\t<div class=\"elementor-post__text\">\n\t\t\t\t<h3 class=\"elementor-post__title\">\n\t\t\t<a href=\"https:\/\/sc-ci.com\/en\/routes-et-infrastructures\/\" >\n\t\t\t\t(Fran\u00e7ais) Routes et Infrastructures\t\t\t<\/a>\n\t\t<\/h3>\n\t\t\t\t<div class=\"elementor-post__excerpt\">\n\t\t\t<p>Sorry, this entry is only available in Fran\u00e7ais.<\/p>\n\t\t<\/div>\n\t\t\n\t\t<a class=\"elementor-post__read-more\" href=\"https:\/\/sc-ci.com\/en\/routes-et-infrastructures\/\" aria-label=\"Read more about (Fran\u00e7ais) Routes et Infrastructures\" tabindex=\"-1\" >\n\t\t\tVOIR PLUS \u00bb\t\t<\/a>\n\n\t\t\t\t<\/div>\n\t\t\t\t\t<\/div>\n\t\t<\/article>\n\t\t\t\t<article class=\"elementor-post elementor-grid-item post-3103 post type-post status-publish format-standard has-post-thumbnail hentry category-clients-professionnels\">\n\t\t\t<div class=\"elementor-post__card\">\n\t\t\t\t<a class=\"elementor-post__thumbnail__link\" href=\"https:\/\/sc-ci.com\/en\/batiments\/\" tabindex=\"-1\" ><div class=\"elementor-post__thumbnail\"><img loading=\"lazy\" decoding=\"async\" width=\"681\" height=\"467\" src=\"https:\/\/sc-ci.com\/wp-content\/uploads\/2024\/10\/Batiments-681x467.jpg\" class=\"attachment-medium size-medium wp-image-3104\" alt=\"\" srcset=\"https:\/\/sc-ci.com\/wp-content\/uploads\/2024\/10\/Batiments-681x467.jpg 681w, https:\/\/sc-ci.com\/wp-content\/uploads\/2024\/10\/Batiments-972x667.jpg 972w, https:\/\/sc-ci.com\/wp-content\/uploads\/2024\/10\/Batiments-768x527.jpg 768w, https:\/\/sc-ci.com\/wp-content\/uploads\/2024\/10\/Batiments-1536x1054.jpg 1536w, https:\/\/sc-ci.com\/wp-content\/uploads\/2024\/10\/Batiments-2048x1405.jpg 2048w\" sizes=\"(max-width: 681px) 100vw, 681px\" \/><\/div><\/a>\n\t\t\t\t<div class=\"elementor-post__text\">\n\t\t\t\t<h3 class=\"elementor-post__title\">\n\t\t\t<a href=\"https:\/\/sc-ci.com\/en\/batiments\/\" >\n\t\t\t\t(Fran\u00e7ais) B\u00e2timents\t\t\t<\/a>\n\t\t<\/h3>\n\t\t\t\t<div class=\"elementor-post__excerpt\">\n\t\t\t<p>Sorry, this entry is only available in Fran\u00e7ais.<\/p>\n\t\t<\/div>\n\t\t\n\t\t<a class=\"elementor-post__read-more\" href=\"https:\/\/sc-ci.com\/en\/batiments\/\" aria-label=\"Read more about (Fran\u00e7ais) B\u00e2timents\" tabindex=\"-1\" >\n\t\t\tVOIR PLUS \u00bb\t\t<\/a>\n\n\t\t\t\t<\/div>\n\t\t\t\t\t<\/div>\n\t\t<\/article>\n\t\t\t\t<\/div>\n\t\t\n\t\t\t\t\t\t<\/div>\n\t\t\t\t<\/div>\n\t\t\t\t\t<\/div>\n\t\t\t\t<\/div>\n\t\t\t\t<\/div>\n\t\t","protected":false},"excerpt":{"rendered":"<p>Professionnels<\/p>\n","protected":false},"author":2,"featured_media":0,"parent":0,"menu_order":0,"comment_status":"closed","ping_status":"closed","template":"elementor_header_footer","meta":{"_acf_changed":false,"_joinchat":[],"footnotes":""},"class_list":["post-3653","page","type-page","status-publish","hentry"],"acf":[],"yoast_head":"<!-- This site is optimized with the Yoast SEO plugin v24.6 - https:\/\/yoast.com\/wordpress\/plugins\/seo\/ -->\n<title><\/title>\n<meta name=\"robots\" content=\"index, follow, max-snippet:-1, max-image-preview:large, max-video-preview:-1\" \/>\n<link rel=\"canonical\" href=\"https:\/\/sc-ci.com\/nosclients\/\" \/>\n<meta property=\"og:locale\" content=\"en_US\" \/>\n<meta property=\"og:type\" content=\"article\" \/>\n<meta property=\"og:title\" content=\"[:fr]Professionnels[:] - Soci\u00e9t\u00e9 de Ciment de C\u00f4te d\u2019Ivoire\" \/>\n<meta property=\"og:description\" content=\"Professionnels\" \/>\n<meta property=\"og:url\" content=\"https:\/\/sc-ci.com\/nosclients\/\" \/>\n<meta property=\"og:site_name\" content=\"Soci\u00e9t\u00e9 de Ciment de C\u00f4te d\u2019Ivoire\" \/>\n<meta property=\"article:modified_time\" content=\"2025-02-21T11:43:32+00:00\" \/>\n<meta name=\"twitter:card\" content=\"summary_large_image\" \/>\n<script type=\"application\/ld+json\" class=\"yoast-schema-graph\">{\"@context\":\"https:\/\/schema.org\",\"@graph\":[{\"@type\":\"WebPage\",\"@id\":\"https:\/\/sc-ci.com\/nosclients\/\",\"url\":\"https:\/\/sc-ci.com\/nosclients\/\",\"name\":\"[:fr]Professionnels[:] - Soci\u00e9t\u00e9 de Ciment de C\u00f4te d\u2019Ivoire\",\"isPartOf\":{\"@id\":\"https:\/\/sc-ci.com\/#website\"},\"datePublished\":\"2024-11-12T17:20:24+00:00\",\"dateModified\":\"2025-02-21T11:43:32+00:00\",\"breadcrumb\":{\"@id\":\"https:\/\/sc-ci.com\/nosclients\/#breadcrumb\"},\"inLanguage\":\"en-US\",\"potentialAction\":[{\"@type\":\"ReadAction\",\"target\":[\"https:\/\/sc-ci.com\/nosclients\/\"]}]},{\"@type\":\"BreadcrumbList\",\"@id\":\"https:\/\/sc-ci.com\/nosclients\/#breadcrumb\",\"itemListElement\":[{\"@type\":\"ListItem\",\"position\":1,\"name\":\"Home\",\"item\":\"https:\/\/sc-ci.com\/\"},{\"@type\":\"ListItem\",\"position\":2,\"name\":\"Professionnels\"}]},{\"@type\":\"WebSite\",\"@id\":\"https:\/\/sc-ci.com\/#website\",\"url\":\"https:\/\/sc-ci.com\/\",\"name\":\"Soci\u00e9t\u00e9 de Ciment de C\u00f4te d\u2019Ivoire\",\"description\":\"\",\"publisher\":{\"@id\":\"https:\/\/sc-ci.com\/#organization\"},\"potentialAction\":[{\"@type\":\"SearchAction\",\"target\":{\"@type\":\"EntryPoint\",\"urlTemplate\":\"https:\/\/sc-ci.com\/?s={search_term_string}\"},\"query-input\":{\"@type\":\"PropertyValueSpecification\",\"valueRequired\":true,\"valueName\":\"search_term_string\"}}],\"inLanguage\":\"en-US\"},{\"@type\":\"Organization\",\"@id\":\"https:\/\/sc-ci.com\/#organization\",\"name\":\"SC CI\",\"url\":\"https:\/\/sc-ci.com\/\",\"logo\":{\"@type\":\"ImageObject\",\"inLanguage\":\"en-US\",\"@id\":\"https:\/\/sc-ci.com\/#\/schema\/logo\/image\/\",\"url\":\"https:\/\/sc-ci.com\/wp-content\/uploads\/2025\/01\/favicon.jpg\",\"contentUrl\":\"https:\/\/sc-ci.com\/wp-content\/uploads\/2025\/01\/favicon.jpg\",\"width\":813,\"height\":813,\"caption\":\"SC CI\"},\"image\":{\"@id\":\"https:\/\/sc-ci.com\/#\/schema\/logo\/image\/\"}}]}<\/script>\n<!-- \/ Yoast SEO plugin. -->","yoast_head_json":{"title":"[:fr]Professionnels[:] - Soci\u00e9t\u00e9 de Ciment de C\u00f4te d\u2019Ivoire","robots":{"index":"index","follow":"follow","max-snippet":"max-snippet:-1","max-image-preview":"max-image-preview:large","max-video-preview":"max-video-preview:-1"},"canonical":"https:\/\/sc-ci.com\/nosclients\/","og_locale":"en_US","og_type":"article","og_title":"[:fr]Professionnels[:] - Soci\u00e9t\u00e9 de Ciment de C\u00f4te d\u2019Ivoire","og_description":"Professionnels","og_url":"https:\/\/sc-ci.com\/nosclients\/","og_site_name":"Soci\u00e9t\u00e9 de Ciment de C\u00f4te d\u2019Ivoire","article_modified_time":"2025-02-21T11:43:32+00:00","twitter_card":"summary_large_image","schema":{"@context":"https:\/\/schema.org","@graph":[{"@type":"WebPage","@id":"https:\/\/sc-ci.com\/nosclients\/","url":"https:\/\/sc-ci.com\/nosclients\/","name":"[:fr]Professionnels[:] - Soci\u00e9t\u00e9 de Ciment de C\u00f4te d\u2019Ivoire","isPartOf":{"@id":"https:\/\/sc-ci.com\/#website"},"datePublished":"2024-11-12T17:20:24+00:00","dateModified":"2025-02-21T11:43:32+00:00","breadcrumb":{"@id":"https:\/\/sc-ci.com\/nosclients\/#breadcrumb"},"inLanguage":"en-US","potentialAction":[{"@type":"ReadAction","target":["https:\/\/sc-ci.com\/nosclients\/"]}]},{"@type":"BreadcrumbList","@id":"https:\/\/sc-ci.com\/nosclients\/#breadcrumb","itemListElement":[{"@type":"ListItem","position":1,"name":"Home","item":"https:\/\/sc-ci.com\/"},{"@type":"ListItem","position":2,"name":"Professionnels"}]},{"@type":"WebSite","@id":"https:\/\/sc-ci.com\/#website","url":"https:\/\/sc-ci.com\/","name":"Soci\u00e9t\u00e9 de Ciment de C\u00f4te d\u2019Ivoire","description":"","publisher":{"@id":"https:\/\/sc-ci.com\/#organization"},"potentialAction":[{"@type":"SearchAction","target":{"@type":"EntryPoint","urlTemplate":"https:\/\/sc-ci.com\/?s={search_term_string}"},"query-input":{"@type":"PropertyValueSpecification","valueRequired":true,"valueName":"search_term_string"}}],"inLanguage":"en-US"},{"@type":"Organization","@id":"https:\/\/sc-ci.com\/#organization","name":"SC CI","url":"https:\/\/sc-ci.com\/","logo":{"@type":"ImageObject","inLanguage":"en-US","@id":"https:\/\/sc-ci.com\/#\/schema\/logo\/image\/","url":"https:\/\/sc-ci.com\/wp-content\/uploads\/2025\/01\/favicon.jpg","contentUrl":"https:\/\/sc-ci.com\/wp-content\/uploads\/2025\/01\/favicon.jpg","width":813,"height":813,"caption":"SC CI"},"image":{"@id":"https:\/\/sc-ci.com\/#\/schema\/logo\/image\/"}}]}},"_links":{"self":[{"href":"https:\/\/sc-ci.com\/en\/wp-json\/wp\/v2\/pages\/3653","targetHints":{"allow":["GET"]}}],"collection":[{"href":"https:\/\/sc-ci.com\/en\/wp-json\/wp\/v2\/pages"}],"about":[{"href":"https:\/\/sc-ci.com\/en\/wp-json\/wp\/v2\/types\/page"}],"author":[{"embeddable":true,"href":"https:\/\/sc-ci.com\/en\/wp-json\/wp\/v2\/users\/2"}],"replies":[{"embeddable":true,"href":"https:\/\/sc-ci.com\/en\/wp-json\/wp\/v2\/comments?post=3653"}],"version-history":[{"count":19,"href":"https:\/\/sc-ci.com\/en\/wp-json\/wp\/v2\/pages\/3653\/revisions"}],"predecessor-version":[{"id":3985,"href":"https:\/\/sc-ci.com\/en\/wp-json\/wp\/v2\/pages\/3653\/revisions\/3985"}],"wp:attachment":[{"href":"https:\/\/sc-ci.com\/en\/wp-json\/wp\/v2\/media?parent=3653"}],"curies":[{"name":"wp","href":"https:\/\/api.w.org\/{rel}","templated":true}]}}