{"id":3763,"date":"2024-11-13T14:16:41","date_gmt":"2024-11-13T14:16:41","guid":{"rendered":"http:\/\/sc-ci.com\/?page_id=3763"},"modified":"2025-02-21T11:43:31","modified_gmt":"2025-02-21T11:43:31","slug":"notre-engagement","status":"publish","type":"page","link":"https:\/\/sc-ci.com\/en\/notre-engagement\/","title":{"rendered":"(Fran\u00e7ais) Notre engagement"},"content":{"rendered":"\t\t<div data-elementor-type=\"wp-page\" data-elementor-id=\"3763\" class=\"elementor elementor-3763\" data-elementor-settings=\"{&quot;ha_cmc_init_switcher&quot;:&quot;no&quot;}\" data-elementor-post-type=\"page\">\n\t\t\t\t<div class=\"elementor-element elementor-element-4a1a5a4 e-flex e-con-boxed e-con e-parent\" data-id=\"4a1a5a4\" data-element_type=\"container\" data-settings=\"{&quot;background_background&quot;:&quot;classic&quot;,&quot;_ha_eqh_enable&quot;:false}\">\n\t\t\t\t\t<div class=\"e-con-inner\">\n\t\t\t\t<div class=\"elementor-element elementor-element-92818eb elementor-widget elementor-widget-heading\" data-id=\"92818eb\" data-element_type=\"widget\" data-widget_type=\"heading.default\">\n\t\t\t\t<div class=\"elementor-widget-container\">\n\t\t\t\t\t<h2 class=\"elementor-heading-title elementor-size-default\">Notre engagement<\/h2>\t\t\t\t<\/div>\n\t\t\t\t<\/div>\n\t\t\t\t\t<\/div>\n\t\t\t\t<\/div>\n\t\t<div class=\"elementor-element elementor-element-3bdfa70 e-flex e-con-boxed e-con e-parent\" data-id=\"3bdfa70\" data-element_type=\"container\" data-settings=\"{&quot;_ha_eqh_enable&quot;:false}\">\n\t\t\t\t\t<div class=\"e-con-inner\">\n\t\t<div class=\"elementor-element elementor-element-039206f e-con-full e-flex e-con e-parent\" data-id=\"039206f\" data-element_type=\"container\" data-settings=\"{&quot;_ha_eqh_enable&quot;:false}\">\n\t\t\t\t<div class=\"elementor-element elementor-element-8928432 elementor-cta--skin-classic elementor-animated-content elementor-bg-transform elementor-bg-transform-zoom-in elementor-widget elementor-widget-call-to-action\" data-id=\"8928432\" data-element_type=\"widget\" data-widget_type=\"call-to-action.default\">\n\t\t\t\t<div class=\"elementor-widget-container\">\n\t\t\t\t\t\t\t<div class=\"elementor-cta\">\n\t\t\t\t\t<div class=\"elementor-cta__bg-wrapper\">\n\t\t\t\t<div class=\"elementor-cta__bg elementor-bg\" style=\"background-image: url(https:\/\/sc-ci.com\/wp-content\/uploads\/2024\/10\/analyse-intersectionnalite-au-sein-ai-generative-environnementale_1169665-135586.jpg);\" role=\"img\" aria-label=\"analyse-intersectionnalite-au-sein-ai-generative-environnementale_1169665-135586\"><\/div>\n\t\t\t\t<div class=\"elementor-cta__bg-overlay\"><\/div>\n\t\t\t<\/div>\n\t\t\t\t\t\t\t<div class=\"elementor-cta__content\">\n\t\t\t\t\n\t\t\t\t\t\t\t\t\t<h2 class=\"elementor-cta__title elementor-cta__content-item elementor-content-item\">\n\t\t\t\t\t\tResponsabilit\u00e9 Soci\u00e9tale d\u2019Entreprise\t\t\t\t\t<\/h2>\n\t\t\t\t\n\t\t\t\t\t\t\t\t\t<div class=\"elementor-cta__description elementor-cta__content-item elementor-content-item\">\n\t\t\t\t\t\t\u00c0 Soci\u00e9t\u00e9 de Ciment de C\u00f4te d\u2019Ivoire, nous croyons en un d\u00e9veloppement responsable et durable.\t\t\t\t\t<\/div>\n\t\t\t\t\n\t\t\t\t\t\t\t\t\t<div class=\"elementor-cta__button-wrapper elementor-cta__content-item elementor-content-item \">\n\t\t\t\t\t<a class=\"elementor-cta__button elementor-button elementor-size-\" href=\"http:\/\/sc-ci.com\/responsabilite-societale-dentreprise-rse\/\">\n\t\t\t\t\t\tVOIR PLUS\t\t\t\t\t<\/a>\n\t\t\t\t\t<\/div>\n\t\t\t\t\t\t\t<\/div>\n\t\t\t\t\t\t<\/div>\n\t\t\t\t\t\t<\/div>\n\t\t\t\t<\/div>\n\t\t\t\t<\/div>\n\t\t<div class=\"elementor-element elementor-element-0160747 e-con-full e-flex e-con e-parent\" data-id=\"0160747\" data-element_type=\"container\" data-settings=\"{&quot;_ha_eqh_enable&quot;:false}\">\n\t\t\t\t<div class=\"elementor-element elementor-element-d4e6d5f elementor-cta--skin-classic elementor-animated-content elementor-bg-transform elementor-bg-transform-zoom-in elementor-widget elementor-widget-call-to-action\" data-id=\"d4e6d5f\" data-element_type=\"widget\" data-widget_type=\"call-to-action.default\">\n\t\t\t\t<div class=\"elementor-widget-container\">\n\t\t\t\t\t\t\t<div class=\"elementor-cta\">\n\t\t\t\t\t<div class=\"elementor-cta__bg-wrapper\">\n\t\t\t\t<div class=\"elementor-cta__bg elementor-bg\" style=\"background-image: url(https:\/\/sc-ci.com\/wp-content\/uploads\/2024\/10\/african-kid-enjoying-life-2-1-1000x667.jpg);\" role=\"img\" aria-label=\"african-kid-enjoying-life (2) (1)\"><\/div>\n\t\t\t\t<div class=\"elementor-cta__bg-overlay\"><\/div>\n\t\t\t<\/div>\n\t\t\t\t\t\t\t<div class=\"elementor-cta__content\">\n\t\t\t\t\n\t\t\t\t\t\t\t\t\t<h2 class=\"elementor-cta__title elementor-cta__content-item elementor-content-item\">\n\t\t\t\t\t\tLa fondation Atlantic Group\t\t\t\t\t<\/h2>\n\t\t\t\t\n\t\t\t\t\t\t\t\t\t<div class=\"elementor-cta__description elementor-cta__content-item elementor-content-item\">\n\t\t\t\t\t\tLa Fondation Atlantic Group est un pilier de notre engagement social.\t\t\t\t\t<\/div>\n\t\t\t\t\n\t\t\t\t\t\t\t\t\t<div class=\"elementor-cta__button-wrapper elementor-cta__content-item elementor-content-item \">\n\t\t\t\t\t<a class=\"elementor-cta__button elementor-button elementor-size-\" href=\"http:\/\/sc-ci.com\/la-fondation-atlantic-group\/\">\n\t\t\t\t\t\tVOIR PLUS\t\t\t\t\t<\/a>\n\t\t\t\t\t<\/div>\n\t\t\t\t\t\t\t<\/div>\n\t\t\t\t\t\t<\/div>\n\t\t\t\t\t\t<\/div>\n\t\t\t\t<\/div>\n\t\t\t\t<\/div>\n\t\t\t\t\t<\/div>\n\t\t\t\t<\/div>\n\t\t\t\t<\/div>\n\t\t","protected":false},"excerpt":{"rendered":"<p>Notre engagement Responsabilit\u00e9 Soci\u00e9tale d\u2019Entreprise \u00c0 Soci\u00e9t\u00e9 de Ciment de C\u00f4te d\u2019Ivoire, nous croyons en un d\u00e9veloppement responsable et durable. VOIR PLUS La fondation Atlantic Group La Fondation Atlantic Group est un pilier de notre engagement social. VOIR PLUS<\/p>\n","protected":false},"author":2,"featured_media":0,"parent":0,"menu_order":0,"comment_status":"closed","ping_status":"closed","template":"elementor_header_footer","meta":{"_acf_changed":false,"_joinchat":[],"footnotes":""},"class_list":["post-3763","page","type-page","status-publish","hentry"],"acf":[],"yoast_head":"<!-- This site is optimized with the Yoast SEO plugin v24.6 - https:\/\/yoast.com\/wordpress\/plugins\/seo\/ -->\n<title><\/title>\n<meta name=\"robots\" content=\"index, follow, max-snippet:-1, max-image-preview:large, max-video-preview:-1\" \/>\n<link rel=\"canonical\" href=\"https:\/\/sc-ci.com\/notre-engagement\/\" \/>\n<meta property=\"og:locale\" content=\"en_US\" \/>\n<meta property=\"og:type\" content=\"article\" \/>\n<meta property=\"og:title\" content=\"[:fr]Notre engagement[:] - Soci\u00e9t\u00e9 de Ciment de C\u00f4te d\u2019Ivoire\" \/>\n<meta property=\"og:description\" content=\"Notre engagement Responsabilit\u00e9 Soci\u00e9tale d\u2019Entreprise \u00c0 Soci\u00e9t\u00e9 de Ciment de C\u00f4te d\u2019Ivoire, nous croyons en un d\u00e9veloppement responsable et durable. VOIR PLUS La fondation Atlantic Group La Fondation Atlantic Group est un pilier de notre engagement social. VOIR PLUS\" \/>\n<meta property=\"og:url\" content=\"https:\/\/sc-ci.com\/notre-engagement\/\" \/>\n<meta property=\"og:site_name\" content=\"Soci\u00e9t\u00e9 de Ciment de C\u00f4te d\u2019Ivoire\" \/>\n<meta property=\"article:modified_time\" content=\"2025-02-21T11:43:31+00:00\" \/>\n<meta name=\"twitter:card\" content=\"summary_large_image\" \/>\n<script type=\"application\/ld+json\" class=\"yoast-schema-graph\">{\"@context\":\"https:\/\/schema.org\",\"@graph\":[{\"@type\":\"WebPage\",\"@id\":\"https:\/\/sc-ci.com\/notre-engagement\/\",\"url\":\"https:\/\/sc-ci.com\/notre-engagement\/\",\"name\":\"[:fr]Notre engagement[:] - Soci\u00e9t\u00e9 de Ciment de C\u00f4te d\u2019Ivoire\",\"isPartOf\":{\"@id\":\"https:\/\/sc-ci.com\/#website\"},\"datePublished\":\"2024-11-13T14:16:41+00:00\",\"dateModified\":\"2025-02-21T11:43:31+00:00\",\"breadcrumb\":{\"@id\":\"https:\/\/sc-ci.com\/notre-engagement\/#breadcrumb\"},\"inLanguage\":\"en-US\",\"potentialAction\":[{\"@type\":\"ReadAction\",\"target\":[\"https:\/\/sc-ci.com\/notre-engagement\/\"]}]},{\"@type\":\"BreadcrumbList\",\"@id\":\"https:\/\/sc-ci.com\/notre-engagement\/#breadcrumb\",\"itemListElement\":[{\"@type\":\"ListItem\",\"position\":1,\"name\":\"Home\",\"item\":\"https:\/\/sc-ci.com\/\"},{\"@type\":\"ListItem\",\"position\":2,\"name\":\"Notre engagement\"}]},{\"@type\":\"WebSite\",\"@id\":\"https:\/\/sc-ci.com\/#website\",\"url\":\"https:\/\/sc-ci.com\/\",\"name\":\"Soci\u00e9t\u00e9 de Ciment de C\u00f4te d\u2019Ivoire\",\"description\":\"\",\"publisher\":{\"@id\":\"https:\/\/sc-ci.com\/#organization\"},\"potentialAction\":[{\"@type\":\"SearchAction\",\"target\":{\"@type\":\"EntryPoint\",\"urlTemplate\":\"https:\/\/sc-ci.com\/?s={search_term_string}\"},\"query-input\":{\"@type\":\"PropertyValueSpecification\",\"valueRequired\":true,\"valueName\":\"search_term_string\"}}],\"inLanguage\":\"en-US\"},{\"@type\":\"Organization\",\"@id\":\"https:\/\/sc-ci.com\/#organization\",\"name\":\"SC CI\",\"url\":\"https:\/\/sc-ci.com\/\",\"logo\":{\"@type\":\"ImageObject\",\"inLanguage\":\"en-US\",\"@id\":\"https:\/\/sc-ci.com\/#\/schema\/logo\/image\/\",\"url\":\"https:\/\/sc-ci.com\/wp-content\/uploads\/2025\/01\/favicon.jpg\",\"contentUrl\":\"https:\/\/sc-ci.com\/wp-content\/uploads\/2025\/01\/favicon.jpg\",\"width\":813,\"height\":813,\"caption\":\"SC CI\"},\"image\":{\"@id\":\"https:\/\/sc-ci.com\/#\/schema\/logo\/image\/\"}}]}<\/script>\n<!-- \/ Yoast SEO plugin. -->","yoast_head_json":{"title":"[:fr]Notre engagement[:] - Soci\u00e9t\u00e9 de Ciment de C\u00f4te d\u2019Ivoire","robots":{"index":"index","follow":"follow","max-snippet":"max-snippet:-1","max-image-preview":"max-image-preview:large","max-video-preview":"max-video-preview:-1"},"canonical":"https:\/\/sc-ci.com\/notre-engagement\/","og_locale":"en_US","og_type":"article","og_title":"[:fr]Notre engagement[:] - Soci\u00e9t\u00e9 de Ciment de C\u00f4te d\u2019Ivoire","og_description":"Notre engagement Responsabilit\u00e9 Soci\u00e9tale d\u2019Entreprise \u00c0 Soci\u00e9t\u00e9 de Ciment de C\u00f4te d\u2019Ivoire, nous croyons en un d\u00e9veloppement responsable et durable. VOIR PLUS La fondation Atlantic Group La Fondation Atlantic Group est un pilier de notre engagement social. VOIR PLUS","og_url":"https:\/\/sc-ci.com\/notre-engagement\/","og_site_name":"Soci\u00e9t\u00e9 de Ciment de C\u00f4te d\u2019Ivoire","article_modified_time":"2025-02-21T11:43:31+00:00","twitter_card":"summary_large_image","schema":{"@context":"https:\/\/schema.org","@graph":[{"@type":"WebPage","@id":"https:\/\/sc-ci.com\/notre-engagement\/","url":"https:\/\/sc-ci.com\/notre-engagement\/","name":"[:fr]Notre engagement[:] - Soci\u00e9t\u00e9 de Ciment de C\u00f4te d\u2019Ivoire","isPartOf":{"@id":"https:\/\/sc-ci.com\/#website"},"datePublished":"2024-11-13T14:16:41+00:00","dateModified":"2025-02-21T11:43:31+00:00","breadcrumb":{"@id":"https:\/\/sc-ci.com\/notre-engagement\/#breadcrumb"},"inLanguage":"en-US","potentialAction":[{"@type":"ReadAction","target":["https:\/\/sc-ci.com\/notre-engagement\/"]}]},{"@type":"BreadcrumbList","@id":"https:\/\/sc-ci.com\/notre-engagement\/#breadcrumb","itemListElement":[{"@type":"ListItem","position":1,"name":"Home","item":"https:\/\/sc-ci.com\/"},{"@type":"ListItem","position":2,"name":"Notre engagement"}]},{"@type":"WebSite","@id":"https:\/\/sc-ci.com\/#website","url":"https:\/\/sc-ci.com\/","name":"Soci\u00e9t\u00e9 de Ciment de C\u00f4te d\u2019Ivoire","description":"","publisher":{"@id":"https:\/\/sc-ci.com\/#organization"},"potentialAction":[{"@type":"SearchAction","target":{"@type":"EntryPoint","urlTemplate":"https:\/\/sc-ci.com\/?s={search_term_string}"},"query-input":{"@type":"PropertyValueSpecification","valueRequired":true,"valueName":"search_term_string"}}],"inLanguage":"en-US"},{"@type":"Organization","@id":"https:\/\/sc-ci.com\/#organization","name":"SC CI","url":"https:\/\/sc-ci.com\/","logo":{"@type":"ImageObject","inLanguage":"en-US","@id":"https:\/\/sc-ci.com\/#\/schema\/logo\/image\/","url":"https:\/\/sc-ci.com\/wp-content\/uploads\/2025\/01\/favicon.jpg","contentUrl":"https:\/\/sc-ci.com\/wp-content\/uploads\/2025\/01\/favicon.jpg","width":813,"height":813,"caption":"SC CI"},"image":{"@id":"https:\/\/sc-ci.com\/#\/schema\/logo\/image\/"}}]}},"_links":{"self":[{"href":"https:\/\/sc-ci.com\/en\/wp-json\/wp\/v2\/pages\/3763","targetHints":{"allow":["GET"]}}],"collection":[{"href":"https:\/\/sc-ci.com\/en\/wp-json\/wp\/v2\/pages"}],"about":[{"href":"https:\/\/sc-ci.com\/en\/wp-json\/wp\/v2\/types\/page"}],"author":[{"embeddable":true,"href":"https:\/\/sc-ci.com\/en\/wp-json\/wp\/v2\/users\/2"}],"replies":[{"embeddable":true,"href":"https:\/\/sc-ci.com\/en\/wp-json\/wp\/v2\/comments?post=3763"}],"version-history":[{"count":13,"href":"https:\/\/sc-ci.com\/en\/wp-json\/wp\/v2\/pages\/3763\/revisions"}],"predecessor-version":[{"id":3778,"href":"https:\/\/sc-ci.com\/en\/wp-json\/wp\/v2\/pages\/3763\/revisions\/3778"}],"wp:attachment":[{"href":"https:\/\/sc-ci.com\/en\/wp-json\/wp\/v2\/media?parent=3763"}],"curies":[{"name":"wp","href":"https:\/\/api.w.org\/{rel}","templated":true}]}}