{"id":75,"date":"2023-02-26T19:57:38","date_gmt":"2023-02-26T19:57:38","guid":{"rendered":"http:\/\/localhost\/afg\/?page_id=75"},"modified":"2025-02-21T11:43:31","modified_gmt":"2025-02-21T11:43:31","slug":"contact","status":"publish","type":"page","link":"https:\/\/sc-ci.com\/en\/contact\/","title":{"rendered":"Contact"},"content":{"rendered":"<p>\n<div class=\"wpcf7 no-js\" id=\"wpcf7-f501-o2\" lang=\"fr-FR\" dir=\"ltr\" data-wpcf7-id=\"501\">\n<div class=\"screen-reader-response\"><p role=\"status\" aria-live=\"polite\" aria-atomic=\"true\"><\/p> <ul><\/ul><\/div>\n<form action=\"\/en\/wp-json\/wp\/v2\/pages\/75#wpcf7-f501-o2\" method=\"post\" class=\"wpcf7-form init\" aria-label=\"Formulaire de contact\" novalidate=\"novalidate\" data-status=\"init\">\n<div style=\"display: none;\">\n<input type=\"hidden\" name=\"_wpcf7\" value=\"501\" \/>\n<input type=\"hidden\" name=\"_wpcf7_version\" value=\"6.0.4\" \/>\n<input type=\"hidden\" name=\"_wpcf7_locale\" value=\"fr_FR\" \/>\n<input type=\"hidden\" name=\"_wpcf7_unit_tag\" value=\"wpcf7-f501-o2\" \/>\n<input type=\"hidden\" name=\"_wpcf7_container_post\" value=\"0\" \/>\n<input type=\"hidden\" name=\"_wpcf7_posted_data_hash\" value=\"\" \/>\n<input type=\"hidden\" name=\"_wpcf7dtx_version\" value=\"5.0.3\" \/>\n<input type=\"hidden\" name=\"_wpcf7_recaptcha_response\" value=\"\" \/>\n<\/div>\n<div id=\"contact_form\" name=\"contact_form\" class=\"\">\n\t<div class=\"row\">\n\t\t<div class=\"col-sm-6\">\n\t\t\t<div class=\"form-group\">\n\t\t\t\t<p><label>Name & Surname <small>*<\/small><\/label>\n\t\t\t\t<\/p>\n\t\t\t\t<p><span class=\"wpcf7-form-control-wrap\" data-name=\"your-name\"><input size=\"40\" maxlength=\"400\" class=\"wpcf7-form-control wpcf7-text wpcf7-validates-as-required form-control required\" aria-required=\"true\" aria-invalid=\"false\" value=\"\" type=\"text\" name=\"your-name\" \/><\/span>\n\t\t\t\t<\/p>\n\t\t\t<\/div>\n\t\t<\/div>\n\t\t<div class=\"col-sm-6\">\n\t\t\t<div class=\"form-group\">\n\t\t\t\t<p><label>Your Email address <small>*<\/small><\/label><br \/>\n<span class=\"wpcf7-form-control-wrap\" data-name=\"your-email\"><input size=\"40\" maxlength=\"400\" class=\"wpcf7-form-control wpcf7-email wpcf7-validates-as-required wpcf7-text wpcf7-validates-as-email form-control required email\" aria-required=\"true\" aria-invalid=\"false\" value=\"\" type=\"email\" name=\"your-email\" \/><\/span>\n\t\t\t\t<\/p>\n\t\t\t<\/div>\n\t\t<\/div>\n\t<\/div>\n\t<div class=\"row\">\n\t\t<div class=\"col-sm-6\">\n\t\t\t<div class=\"form-group\">\n\t\t\t\t<p><label>Subject <small>*<\/small><\/label><br \/>\n<span class=\"wpcf7-form-control-wrap\" data-name=\"your-subject\"><input size=\"40\" maxlength=\"400\" class=\"wpcf7-form-control wpcf7-text form-control required\" aria-invalid=\"false\" value=\"\" type=\"text\" name=\"your-subject\" \/><\/span>\n\t\t\t\t<\/p>\n\t\t\t<\/div>\n\t\t<\/div>\n\t\t<div class=\"col-sm-6\">\n\t\t\t<div class=\"form-group\">\n\t\t\t\t<p><label>Your phone number<\/label><br \/>\n<span class=\"wpcf7-form-control-wrap\" data-name=\"tel-227\"><input size=\"40\" maxlength=\"400\" class=\"wpcf7-form-control wpcf7-tel wpcf7-text wpcf7-validates-as-tel form-control\" aria-invalid=\"false\" value=\"\" type=\"tel\" name=\"tel-227\" \/><\/span>\n\t\t\t\t<\/p>\n\t\t\t<\/div>\n\t\t<\/div>\n\t<\/div>\n\t<div class=\"form-group\">\n\t\t<p><label>Your Message<\/label><br \/>\n<span class=\"wpcf7-form-control-wrap\" data-name=\"your-message\"><textarea cols=\"40\" rows=\"10\" maxlength=\"2000\" class=\"wpcf7-form-control wpcf7-textarea form-control required\" aria-invalid=\"false\" name=\"your-message\"><\/textarea><\/span>\n\t\t<\/p>\n\t<\/div>\n\t<div class=\"form-group\">\n\t\t<p><input name=\"form_botcheck\" class=\"form-control\" type=\"hidden\" value=\"\" \/>\n\t\t<\/p>\n\t\t<p><input class=\"wpcf7-form-control wpcf7-submit has-spinner btn btn-primary btn-lg\" type=\"submit\" value=\"Send\" \/>\n\t\t<\/p>\n\t<\/div>\n<\/div><p style=\"display: none !important;\" class=\"akismet-fields-container\" data-prefix=\"_wpcf7_ak_\"><label>&#916;<textarea name=\"_wpcf7_ak_hp_textarea\" cols=\"45\" rows=\"8\" maxlength=\"100\"><\/textarea><\/label><input type=\"hidden\" id=\"ak_js_2\" name=\"_wpcf7_ak_js\" value=\"181\"\/><script>document.getElementById( \"ak_js_2\" ).setAttribute( \"value\", ( new Date() ).getTime() );<\/script><\/p><div class=\"wpcf7-response-output\" aria-hidden=\"true\"><\/div>\n<\/form>\n<\/div>\n<\/p>","protected":false},"excerpt":{"rendered":"","protected":false},"author":2,"featured_media":0,"parent":0,"menu_order":0,"comment_status":"closed","ping_status":"closed","template":"contact.php","meta":{"_acf_changed":false,"_joinchat":[],"footnotes":""},"class_list":["post-75","page","type-page","status-publish","hentry"],"acf":[],"yoast_head":"<!-- This site is optimized with the Yoast SEO plugin v24.6 - https:\/\/yoast.com\/wordpress\/plugins\/seo\/ -->\n<title>Contact - Soci\u00e9t\u00e9 de Ciment de C\u00f4te d\u2019Ivoire<\/title>\n<meta name=\"robots\" content=\"index, follow, max-snippet:-1, max-image-preview:large, max-video-preview:-1\" \/>\n<link rel=\"canonical\" href=\"https:\/\/sc-ci.com\/contact\/\" \/>\n<meta property=\"og:locale\" content=\"en_US\" \/>\n<meta property=\"og:type\" content=\"article\" \/>\n<meta property=\"og:title\" content=\"[:fr]Nos Contacts[:en]Contact[:] - Soci\u00e9t\u00e9 de Ciment de C\u00f4te d\u2019Ivoire\" \/>\n<meta property=\"og:url\" content=\"https:\/\/sc-ci.com\/contact\/\" \/>\n<meta property=\"og:site_name\" content=\"Soci\u00e9t\u00e9 de Ciment de C\u00f4te d\u2019Ivoire\" \/>\n<meta property=\"article:modified_time\" content=\"2025-02-21T11:43:31+00:00\" \/>\n<meta name=\"twitter:card\" content=\"summary_large_image\" \/>\n<meta name=\"twitter:label1\" content=\"Est. reading time\" \/>\n\t<meta name=\"twitter:data1\" content=\"1 minute\" \/>\n<script type=\"application\/ld+json\" class=\"yoast-schema-graph\">{\"@context\":\"https:\/\/schema.org\",\"@graph\":[{\"@type\":\"WebPage\",\"@id\":\"https:\/\/sc-ci.com\/contact\/\",\"url\":\"https:\/\/sc-ci.com\/contact\/\",\"name\":\"[:fr]Nos Contacts[:en]Contact[:] - Soci\u00e9t\u00e9 de Ciment de C\u00f4te d\u2019Ivoire\",\"isPartOf\":{\"@id\":\"https:\/\/sc-ci.com\/#website\"},\"datePublished\":\"2023-02-26T19:57:38+00:00\",\"dateModified\":\"2025-02-21T11:43:31+00:00\",\"breadcrumb\":{\"@id\":\"https:\/\/sc-ci.com\/contact\/#breadcrumb\"},\"inLanguage\":\"en-US\",\"potentialAction\":[{\"@type\":\"ReadAction\",\"target\":[\"https:\/\/sc-ci.com\/contact\/\"]}]},{\"@type\":\"BreadcrumbList\",\"@id\":\"https:\/\/sc-ci.com\/contact\/#breadcrumb\",\"itemListElement\":[{\"@type\":\"ListItem\",\"position\":1,\"name\":\"Home\",\"item\":\"https:\/\/sc-ci.com\/\"},{\"@type\":\"ListItem\",\"position\":2,\"name\":\"Nos Contacts\"}]},{\"@type\":\"WebSite\",\"@id\":\"https:\/\/sc-ci.com\/#website\",\"url\":\"https:\/\/sc-ci.com\/\",\"name\":\"Soci\u00e9t\u00e9 de Ciment de C\u00f4te d\u2019Ivoire\",\"description\":\"\",\"publisher\":{\"@id\":\"https:\/\/sc-ci.com\/#organization\"},\"potentialAction\":[{\"@type\":\"SearchAction\",\"target\":{\"@type\":\"EntryPoint\",\"urlTemplate\":\"https:\/\/sc-ci.com\/?s={search_term_string}\"},\"query-input\":{\"@type\":\"PropertyValueSpecification\",\"valueRequired\":true,\"valueName\":\"search_term_string\"}}],\"inLanguage\":\"en-US\"},{\"@type\":\"Organization\",\"@id\":\"https:\/\/sc-ci.com\/#organization\",\"name\":\"SC CI\",\"url\":\"https:\/\/sc-ci.com\/\",\"logo\":{\"@type\":\"ImageObject\",\"inLanguage\":\"en-US\",\"@id\":\"https:\/\/sc-ci.com\/#\/schema\/logo\/image\/\",\"url\":\"https:\/\/sc-ci.com\/wp-content\/uploads\/2025\/01\/favicon.jpg\",\"contentUrl\":\"https:\/\/sc-ci.com\/wp-content\/uploads\/2025\/01\/favicon.jpg\",\"width\":813,\"height\":813,\"caption\":\"SC CI\"},\"image\":{\"@id\":\"https:\/\/sc-ci.com\/#\/schema\/logo\/image\/\"}}]}<\/script>\n<!-- \/ Yoast SEO plugin. -->","yoast_head_json":{"title":"[:fr]Nos Contacts[:en]Contact[:] - Soci\u00e9t\u00e9 de Ciment de C\u00f4te d\u2019Ivoire","robots":{"index":"index","follow":"follow","max-snippet":"max-snippet:-1","max-image-preview":"max-image-preview:large","max-video-preview":"max-video-preview:-1"},"canonical":"https:\/\/sc-ci.com\/contact\/","og_locale":"en_US","og_type":"article","og_title":"[:fr]Nos Contacts[:en]Contact[:] - Soci\u00e9t\u00e9 de Ciment de C\u00f4te d\u2019Ivoire","og_url":"https:\/\/sc-ci.com\/contact\/","og_site_name":"Soci\u00e9t\u00e9 de Ciment de C\u00f4te d\u2019Ivoire","article_modified_time":"2025-02-21T11:43:31+00:00","twitter_card":"summary_large_image","twitter_misc":{"Est. reading time":"1 minute"},"schema":{"@context":"https:\/\/schema.org","@graph":[{"@type":"WebPage","@id":"https:\/\/sc-ci.com\/contact\/","url":"https:\/\/sc-ci.com\/contact\/","name":"[:fr]Nos Contacts[:en]Contact[:] - Soci\u00e9t\u00e9 de Ciment de C\u00f4te d\u2019Ivoire","isPartOf":{"@id":"https:\/\/sc-ci.com\/#website"},"datePublished":"2023-02-26T19:57:38+00:00","dateModified":"2025-02-21T11:43:31+00:00","breadcrumb":{"@id":"https:\/\/sc-ci.com\/contact\/#breadcrumb"},"inLanguage":"en-US","potentialAction":[{"@type":"ReadAction","target":["https:\/\/sc-ci.com\/contact\/"]}]},{"@type":"BreadcrumbList","@id":"https:\/\/sc-ci.com\/contact\/#breadcrumb","itemListElement":[{"@type":"ListItem","position":1,"name":"Home","item":"https:\/\/sc-ci.com\/"},{"@type":"ListItem","position":2,"name":"Nos Contacts"}]},{"@type":"WebSite","@id":"https:\/\/sc-ci.com\/#website","url":"https:\/\/sc-ci.com\/","name":"Soci\u00e9t\u00e9 de Ciment de C\u00f4te d\u2019Ivoire","description":"","publisher":{"@id":"https:\/\/sc-ci.com\/#organization"},"potentialAction":[{"@type":"SearchAction","target":{"@type":"EntryPoint","urlTemplate":"https:\/\/sc-ci.com\/?s={search_term_string}"},"query-input":{"@type":"PropertyValueSpecification","valueRequired":true,"valueName":"search_term_string"}}],"inLanguage":"en-US"},{"@type":"Organization","@id":"https:\/\/sc-ci.com\/#organization","name":"SC CI","url":"https:\/\/sc-ci.com\/","logo":{"@type":"ImageObject","inLanguage":"en-US","@id":"https:\/\/sc-ci.com\/#\/schema\/logo\/image\/","url":"https:\/\/sc-ci.com\/wp-content\/uploads\/2025\/01\/favicon.jpg","contentUrl":"https:\/\/sc-ci.com\/wp-content\/uploads\/2025\/01\/favicon.jpg","width":813,"height":813,"caption":"SC CI"},"image":{"@id":"https:\/\/sc-ci.com\/#\/schema\/logo\/image\/"}}]}},"_links":{"self":[{"href":"https:\/\/sc-ci.com\/en\/wp-json\/wp\/v2\/pages\/75","targetHints":{"allow":["GET"]}}],"collection":[{"href":"https:\/\/sc-ci.com\/en\/wp-json\/wp\/v2\/pages"}],"about":[{"href":"https:\/\/sc-ci.com\/en\/wp-json\/wp\/v2\/types\/page"}],"author":[{"embeddable":true,"href":"https:\/\/sc-ci.com\/en\/wp-json\/wp\/v2\/users\/2"}],"replies":[{"embeddable":true,"href":"https:\/\/sc-ci.com\/en\/wp-json\/wp\/v2\/comments?post=75"}],"version-history":[{"count":18,"href":"https:\/\/sc-ci.com\/en\/wp-json\/wp\/v2\/pages\/75\/revisions"}],"predecessor-version":[{"id":4060,"href":"https:\/\/sc-ci.com\/en\/wp-json\/wp\/v2\/pages\/75\/revisions\/4060"}],"wp:attachment":[{"href":"https:\/\/sc-ci.com\/en\/wp-json\/wp\/v2\/media?parent=75"}],"curies":[{"name":"wp","href":"https:\/\/api.w.org\/{rel}","templated":true}]}}